{"id":1874,"date":"2016-02-09T15:17:20","date_gmt":"2016-02-09T14:17:20","guid":{"rendered":"http:\/\/chirurgie-nice.com\/temp\/?page_id=1874&#038;lang=it"},"modified":"2018-03-26T10:31:43","modified_gmt":"2018-03-26T09:31:43","slug":"1874-2","status":"publish","type":"page","link":"https:\/\/www.chirurgie-nice.com\/ru\/","title":{"rendered":"Chirurgia medecina anti era&#8217; laser estetico a nizza"},"content":{"rendered":"<div class=\"wpb-content-wrapper\"><p>[vc_row bgtype=&#187;skin&#187; css=&#187;.vc_custom_1406868521706{margin-bottom: 0px !important;padding: 40px 0px !important;}&#187; bgprecolor=&#187;skin&#187;][vc_column width=&#187;2\/3&#8243;][vc_column_text]<\/p>\n<h2><span style=\"color: #ffffff;\"><strong>Docteur Bruno Lellouche Chirurgie\u00a0esth\u00e9tique, <\/strong><\/span><\/h2>\n<h2><span style=\"color: #ffffff;\"><strong>m\u00e9decine\u00a0esth\u00e9tique\u00a0anti \u00e2ge, laser esth\u00e9tique <\/strong><\/span><\/h2>\n<h2><span style=\"color: #ffffff;\"><strong>\u00e0 Nice &amp;\u00a0Paris<\/strong><\/span><\/h2>\n<p>[\/vc_column_text][\/vc_column][vc_column width=&#187;1\/3&#8243;][vc_btn title=&#187;Prendre rendez-vous \u00e0 Nice&#187; style=&#187;flat&#187; color=&#187;default&#187; link=&#187;url:http%3A%2F%2Fchirurgie-nice.com%2Fnous-contacter%2F|&#187;][vc_btn title=&#187;Prendre rendez-vous \u00e0 Paris&#187; style=&#187;flat&#187; color=&#187;default&#187; link=&#187;url:%2F%3Fpage_id%3D2117|&#187;][\/vc_column][\/vc_row][vc_row bgcolor=&#187;white&#187; paddingtop=&#187;40px&#187; contentalign=&#187;center&#187; rowwidth=&#187;default&#187; bgimageposition=&#187;fixed&#187; css=&#187;.vc_custom_1406193093673{padding-bottom: 40px !important;}&#187; bgprecolor=&#187;skin&#187;][vc_column width=&#187;1\/2&#8243;][vc_column_text]<\/p>\n<h3 style=\"text-align: justify;\"><span style=\"color: #ff6600;\"><strong>La chirurgie esth\u00e9tique\u00a0de la face et du cou<\/strong><\/span><\/h3>\n<p style=\"text-align: justify;\"><strong><a href=\"http:\/\/chirurgie-nice.com\/wp-content\/uploads\/chirurgie-esthetique-nice.png\" rel=\"La chirurgie esth\u00e9tique de la face et du cou\" data-rel=\"lightbox-image-0\" data-rl_title=\"\" data-rl_caption=\"\"><img loading=\"lazy\" decoding=\"async\" class=\"wp-image-1412 size-medium alignright\" title=\"\" src=\"http:\/\/chirurgie-nice.com\/wp-content\/uploads\/chirurgie-esthetique-nice-150x300.png\" alt=\"Chirurgie esth\u00e9tique nice\" width=\"150\" height=\"300\" srcset=\"https:\/\/www.chirurgie-nice.com\/wp-content\/uploads\/chirurgie-esthetique-nice-150x300.png 150w, https:\/\/www.chirurgie-nice.com\/wp-content\/uploads\/chirurgie-esthetique-nice.png 300w\" sizes=\"auto, (max-width: 150px) 100vw, 150px\" \/><\/a>La chirurgie esth\u00e9tique de la face et du cou est pratiqu\u00e9e par un chirurgien sp\u00e9cialement form\u00e9 \u00e0 l&#8217;esth\u00e9tique du visage.<\/strong><\/p>\n<p style=\"text-align: justify;\">Le Docteur Bruno Lellouche est est un <strong>chirurgien sp\u00e9cialis\u00e9 dans la chirurgie esth\u00e9tique de la face et du cou<\/strong>, il figure sur la <strong>liste officielle des chirurgiens esth\u00e9tiques<\/strong> de la face et du cou <strong>reconnus par le conseil national de l&#8217;ordre des m\u00e9decins (N\u00b0 06108630).<\/strong><\/p>\n<p style=\"text-align: justify;\"><strong>Le Docteur Lellouche vous propose diff\u00e9rents types de soins adapt\u00e9s \u00e0 chaque \u00e2ge et chaque patient<\/strong> : <em><strong>chirurgie esth\u00e9tique (<a href=\"\/?page_id=1301\">Rhinoplastie,<\/a> <a href=\"\/?page_id=1305\">lifting<\/a>, <a href=\"\/?page_id=1307\">bl\u00e9pharoplastie<\/a>&#8230;)\u00a0<\/strong><\/em>, <em><strong><a href=\"\/?page_id=1317\">m\u00e9decine esth\u00e9tique<\/a><\/strong><\/em>, <em><strong><a href=\"\/?page_id=1326\">laser esth\u00e9tique<\/a><\/strong> <\/em>ou rendez-vous de consultation pour le<a href=\"\/?page_id=1376\"><strong> d\u00e9pistage des apn\u00e9es du sommeil<\/strong><\/a>.<\/p>\n<p style=\"text-align: justify;\">Une parfaite connaissance de l\u2019anatomie, des produits et de leurs effets est essentielle au bon usage de ces techniques. <strong>Votre chirurgien saura vous \u00e9couter et vous conseiller pour r\u00e9pondre au mieux \u00e0 vos attentes.<\/strong><\/p>\n<p>[\/vc_column_text][\/vc_column][vc_column width=&#187;1\/2&#8243;][vc_column_text]<\/p>\n<h3><span style=\"color: #ff6600;\"><strong>Docteur Bruno Lellouche\u00a0<\/strong><\/span><\/h3>\n<p style=\"text-align: justify;\"><a href=\"http:\/\/chirurgie-nice.com\/wp-content\/uploads\/docteur-Buno-Lellouche-chirurgie-orl.png\" rel=\"Docteur Bruno Lellouche chirurgien ORL\" data-rel=\"lightbox-image-1\" data-rl_title=\"\" data-rl_caption=\"\"><img loading=\"lazy\" decoding=\"async\" class=\"alignright wp-image-1387 size-full\" title=\"\" src=\"http:\/\/chirurgie-nice.com\/wp-content\/uploads\/docteur-Buno-Lellouche-chirurgie-orl.png\" alt=\"Docteur Bruno Lellouche chirurgien ORL\" width=\"114\" height=\"150\" \/><\/a>Le <strong>Docteur Bruno LELLOUCHE<\/strong> a d\u00e9but\u00e9 ses \u00e9tudes de M\u00e9decine \u00e0 Nice en 1981. Il a ensuite continu\u00e9 sa formation m\u00e9dicale et chirurgicale \u00e0 Toulouse apr\u00e8s la r\u00e9ussite \u00e0 l&#8217;Internat de M\u00e9decine en 1987.<\/p>\n<ul>\n<li style=\"text-align: justify;\">Ancien INTERNE des H\u00f4pitaux de Toulouse.<\/li>\n<li style=\"text-align: justify;\">Ancien CHEF de CLINIQUE \u00e0 la Facult\u00e9 de M\u00e9decine de Toulouse.<\/li>\n<li style=\"text-align: justify;\">Ancien Assistant des h\u00f4pitaux de Toulouse.<\/li>\n<\/ul>\n<h3 style=\"text-align: justify;\"><strong>Sp\u00e9cialiste qualifi\u00e9 en Chirurgie de la Face et du Cou.<\/strong><\/h3>\n<ul>\n<li style=\"text-align: justify;\">M\u00e9daille d&#8217;Or de th\u00e8se.<\/li>\n<li style=\"text-align: justify;\">Laur\u00e9at de la Facult\u00e9 de M\u00e9decine de TOULOUSE.<\/li>\n<li style=\"text-align: justify;\">Membre de la SFCPEFC (Soci\u00e9t\u00e9 Fran\u00e7aise de Chirurgie Plastique et Esth\u00e9tique de la Face et du Cou).<\/li>\n<li style=\"text-align: justify;\">Membre de EAFPS (European Academy of Facial Plastic Surgery).<\/li>\n<li style=\"text-align: justify;\">Membre du Coll\u00e9ge Fran\u00e7ais de Chirurgie Cervico-Faciale et d&#8217;ORL.<\/li>\n<\/ul>\n<h3 style=\"text-align: justify;\"><strong>Chirurgie esth\u00e9tique \u00e0 Nice &amp; Paris<\/strong><\/h3>\n<p><strong><a href=\"\/?page_id=1531\">Consultation \u00e0\u00a0\u00a0Nice<\/a><\/strong> :\u00a0Palais Longchamp &#8212; 16 rue de la Libert\u00e9\u00a006000 NICE,<br \/>\n<strong>T\u00e9l. :\u00a004 93 87 33 43<\/strong><\/p>\n<p><a href=\"\/?page_id=2117\"><strong>Consultation \u00e0\u00a0\u00a0Paris<\/strong><\/a>\u00a0:\u00a0Clinique du Mont Louis\u00a010 rue de la Folie Renault &#8212;\u00a075011 Paris<strong>,<br \/>\nT\u00e9l. :\u00a001 43 56 56 56<\/strong><\/p>\n<p><strong>\u00a0<\/strong>[\/vc_column_text][\/vc_column][\/vc_row][vc_row bgtype=&#187;dark&#187; parallax=&#187;true&#187; bgcolor=&#187;dark&#187; bgimage=&#187;http:\/\/addyson-data.thememount.com\/wp-content\/uploads\/2013\/12\/parralaxbg.jpg&#187; contentalign=&#187;default&#187; rowwidth=&#187;wide&#187; bgimageposition=&#187;fixed&#187; css=&#187;.vc_custom_1455042477663{padding-bottom: 0px !important;}&#187; bgprecolor=&#187;dark&#187; coloroverlay=&#187;true&#187; font_color=&#187;#ffffff&#187;][vc_column width=&#187;2\/3&#8243;][vc_column_text]<\/p>\n<h3>La chirurgie esth\u00e9tique de la face du cou<\/h3>\n<p style=\"text-align: justify;\">Le Dr Bruno Lellouche\u00a0pratique toutes les interventions courantes de chirurgie plastique et esth\u00e9tique de la face et du cou,\u00a0Il r\u00e9alise \u00e9galement les actes de m\u00e9decine esth\u00e9tique tels que les injections de Toxine botulique (botox) et d&#8217;acide hyaluronique :<\/p>\n<p>[\/vc_column_text][vc_row_inner][vc_column_inner width=&#187;1\/3&#8243;][vc_column_text]<\/p>\n<h4><strong>La chirurgie\u00a0esth\u00e9tique<\/strong><\/h4>\n<p>&gt; <a href=\"\/?page_id=1301\">La rhinoplastie<\/a><br \/>\n&gt; <a href=\"\/?page_id=1307\">La\u00a0Bl\u00e9pharoplastie<\/a><br \/>\n&gt; <a href=\"\/?page_id=1305\">Le lifting temporal<\/a><br \/>\n&gt; <a href=\"\/?page_id=1303\">Le lifting facial<\/a><br \/>\n&gt;<a href=\"\/?page_id=1309\">\u00a0L&#8217;otoplastie<\/a><br \/>\n&gt;\u00a0<a href=\"\/?page_id=1311\">La lipostructure<\/a><br \/>\n&gt;\u00a0<a href=\"\/?page_id=1313\">La\u00a0calvitie<\/a><br \/>\n&gt;\u00a0<a href=\"\/?page_id=1315\">La\u00a0mentoplastie<\/a>[\/vc_column_text][\/vc_column_inner][vc_column_inner width=&#187;1\/3&#8243;][vc_column_text]<\/p>\n<h4><strong>La m\u00e9decine esth\u00e9tique<\/strong><\/h4>\n<p>&gt; <a href=\"\/?page_id=1317\">Injections de Botox<\/a><br \/>\n&gt; <a href=\"\/?page_id=1319\">Injections\u00a0d&#8217;acide hyaluronique<\/a><br \/>\n&gt; <a href=\"\/?page_id=1321\">Injections de radiesse<\/a><br \/>\n&gt;\u00a0<a href=\"\/?page_id=1328\">Peelings<\/a>[\/vc_column_text][\/vc_column_inner][vc_column_inner width=&#187;1\/3&#8243;][vc_column_text css_animation=&#187;appear&#187;]<strong>Laser esth\u00e9tique<\/strong><\/p>\n<p>&gt;\u00a0<a href=\"\/?page_id=1324\">Epilation laser d\u00e9finitive<\/a><br \/>\n&gt; <a href=\"\/?page_id=1326\">Rajeunissement laser<\/a><br \/>\n&gt;\u00a0<a href=\"\/?page_id=1330\">Traitement laser de la couperose<\/a>[\/vc_column_text][\/vc_column_inner][\/vc_row_inner][vc_btn title=&#187;Prendre rendez-vous \u00e0 Nice&#187; style=&#187;flat&#187; link=&#187;url:http%3A%2F%2Fchirurgie-nice.com%2Fnous-contacter%2F|&#187;][vc_btn title=&#187;Prendre rendez-vous \u00e0 Paris&#187; style=&#187;flat&#187; link=&#187;url:%2F%3Fpage_id%3D2117|&#187;][vc_empty_space height=&#187;15px&#187;][\/vc_column][vc_column width=&#187;1\/3&#8243;][vc_single_image image=&#187;1466&#8243; img_size=&#187;full&#187; alignment=&#187;center&#187; css_animation=&#187;left-to-right&#187;][\/vc_column][\/vc_row][vc_row bgprecolor=&#187;skin&#187; css=&#187;.vc_custom_1411479680115{padding-top: 75px !important;padding-bottom: 60px !important;}&#187;][vc_column]<div class=\"row multi-columns-row kwayy-blog-boxes-wrapper kwayy-blog-view-default kwayy-effect-default kwayy-items-col-three \" id=\"kwayy-blog-id-20574821\" ><div class=\"kwayy-blog-text col-xs-12 col-sm-12 col-md-12 col-lg-12\"><header class=\"kwayy-heading-wrapper kwayy-heading-wrapper-align-left\"><div class=\"kwayy-heading-wrapper-inner\"><h2 class=\"kwayy-heading-align-left\"><span>Les actualit\u00e9s \/ News<\/span><\/h2><\/div><\/header><\/div><\/div>[\/vc_column][\/vc_row][vc_row bgtype=&#187;skin&#187; css=&#187;.vc_custom_1413185809181{padding-top: 20px !important;padding-bottom: 30px !important;}&#187;][vc_column]<div class=\"kwayy-blog-boxes\">\r\n\t\t\t<section class=\"kwayy-twitterbar-wrapper kwayy-items-wrapper kwayy-effect-carousel kwayy-carousel-col-one kwayy-with-pagination\" data-autoplayspeed=\"800\" data-autoplay=\"1\" data-loop=\"1\" data-autoplaytimeout=\"4500\">\r\n\t\t\t\t<div class=\"kwayy-twitterbar\">\r\n\t\t\t\t\t<h3><span>Twitter link<\/span><a class=\"twitter-link\" href=\"http:\/\/twitter.com\/ChirurgieNice\"><i class=\"kwicon-fa-twitter\"><\/i><\/a><\/h3>\r\n\t\t\t\t\t<div class=\"kwayy-twitterbar-list kwayy-items-wrapper kwayy-carousel-items-wrapper\">\r\n\t\t\t\t\t\t<b>Could not authenticate you.<\/b>\r\n\t\t\t\t\t<\/div>\r\n\t\t\t\t<\/div>\r\n\t\t\t<\/section><\/div>[\/vc_column][\/vc_row]<\/p>\n<\/div>","protected":false},"excerpt":{"rendered":"<p>[vc_row bgtype=&#187;skin&#187; css=&#187;.vc_custom_1406868521706{margin-bottom: 0px !important;padding: 40px 0px !important;}&#187; bgprecolor=&#187;skin&#187;][vc_column width=&#187;2\/3&#8243;][vc_column_text] Docteur Bruno Lellouche Chirurgie\u00a0esth\u00e9tique, m\u00e9decine\u00a0esth\u00e9tique\u00a0anti \u00e2ge, laser esth\u00e9tique \u00e0 Nice &amp;\u00a0Paris [\/vc_column_text][\/vc_column][vc_column width=&#187;1\/3&#8243;][vc_btn title=&#187;Prendre rendez-vous \u00e0 Nice&#187; style=&#187;flat&#187; color=&#187;default&#187; link=&#187;url:http%3A%2F%2Fchirurgie-nice.com%2Fnous-contacter%2F|&#187;][vc_btn title=&#187;Prendre rendez-vous \u00e0 Paris&#187; style=&#187;flat&#187; color=&#187;default&#187; link=&#187;url:%2F%3Fpage_id%3D2117|&#187;][\/vc_column][\/vc_row][vc_row bgcolor=&#187;white&#187; paddingtop=&#187;40px&#187; contentalign=&#187;center&#187; rowwidth=&#187;default&#187; bgimageposition=&#187;fixed&#187; css=&#187;.vc_custom_1406193093673{padding-bottom: 40px !important;}&#187; bgprecolor=&#187;skin&#187;][vc_column width=&#187;1\/2&#8243;][vc_column_text] La chirurgie esth\u00e9tique\u00a0de la face et du cou [&hellip;]<\/p>\n","protected":false},"author":1,"featured_media":0,"parent":0,"menu_order":1,"comment_status":"closed","ping_status":"closed","template":"","meta":{"footnotes":""},"class_list":["post-1874","page","type-page","status-publish","hentry"],"yoast_head":"<!-- This site is optimized with the Yoast SEO plugin v27.2 - https:\/\/yoast.com\/product\/yoast-seo-wordpress\/ -->\n<title>Chirurgia medecina anti era&#039; laser estetico a nizza<\/title>\n<meta name=\"description\" content=\"Chirurgia medecina anti era&#039; laser estetico a nizza\" \/>\n<meta name=\"robots\" content=\"index, follow, max-snippet:-1, max-image-preview:large, max-video-preview:-1\" \/>\n<link rel=\"canonical\" href=\"https:\/\/www.chirurgie-nice.com\/ru\/\" \/>\n<meta property=\"og:locale\" content=\"ru_RU\" \/>\n<meta property=\"og:type\" content=\"article\" \/>\n<meta property=\"og:title\" content=\"Chirurgia medecina anti era&#039; laser estetico a nizza\" \/>\n<meta property=\"og:description\" content=\"Chirurgia medecina anti era&#039; laser estetico a nizza\" \/>\n<meta property=\"og:url\" content=\"https:\/\/www.chirurgie-nice.com\/ru\/\" \/>\n<meta property=\"og:site_name\" content=\"Chirurgie esth\u00e9tique \u00e0 Nice - Injections et laser\" \/>\n<meta property=\"article:publisher\" content=\"https:\/\/www.facebook.com\/docteurlellouchenice\/\" \/>\n<meta property=\"article:modified_time\" content=\"2018-03-26T09:31:43+00:00\" \/>\n<meta property=\"og:image\" content=\"http:\/\/chirurgie-nice.com\/wp-content\/uploads\/chirurgie-esthetique-nice-150x300.png\" \/>\n<meta name=\"twitter:card\" content=\"summary_large_image\" \/>\n<meta name=\"twitter:site\" content=\"@ChirurgieNice\" \/>\n<meta name=\"twitter:label1\" content=\"\u041f\u0440\u0438\u043c\u0435\u0440\u043d\u043e\u0435 \u0432\u0440\u0435\u043c\u044f \u0434\u043b\u044f \u0447\u0442\u0435\u043d\u0438\u044f\" \/>\n\t<meta name=\"twitter:data1\" content=\"4 \u043c\u0438\u043d\u0443\u0442\u044b\" \/>\n<script type=\"application\/ld+json\" class=\"yoast-schema-graph\">{\"@context\":\"https:\/\/schema.org\",\"@graph\":[{\"@type\":\"WebPage\",\"@id\":\"https:\/\/www.chirurgie-nice.com\/ru\/\",\"url\":\"https:\/\/www.chirurgie-nice.com\/ru\/\",\"name\":\"Chirurgia medecina anti era' laser estetico a nizza\",\"isPartOf\":{\"@id\":\"https:\/\/www.chirurgie-nice.com\/#website\"},\"primaryImageOfPage\":{\"@id\":\"https:\/\/www.chirurgie-nice.com\/ru\/#primaryimage\"},\"image\":{\"@id\":\"https:\/\/www.chirurgie-nice.com\/ru\/#primaryimage\"},\"thumbnailUrl\":\"http:\/\/chirurgie-nice.com\/wp-content\/uploads\/chirurgie-esthetique-nice-150x300.png\",\"datePublished\":\"2016-02-09T14:17:20+00:00\",\"dateModified\":\"2018-03-26T09:31:43+00:00\",\"description\":\"Chirurgia medecina anti era' laser estetico a nizza\",\"breadcrumb\":{\"@id\":\"https:\/\/www.chirurgie-nice.com\/ru\/#breadcrumb\"},\"inLanguage\":\"ru-RU\",\"potentialAction\":[{\"@type\":\"ReadAction\",\"target\":[\"https:\/\/www.chirurgie-nice.com\/ru\/\"]}]},{\"@type\":\"ImageObject\",\"inLanguage\":\"ru-RU\",\"@id\":\"https:\/\/www.chirurgie-nice.com\/ru\/#primaryimage\",\"url\":\"http:\/\/chirurgie-nice.com\/wp-content\/uploads\/chirurgie-esthetique-nice-150x300.png\",\"contentUrl\":\"http:\/\/chirurgie-nice.com\/wp-content\/uploads\/chirurgie-esthetique-nice-150x300.png\"},{\"@type\":\"BreadcrumbList\",\"@id\":\"https:\/\/www.chirurgie-nice.com\/ru\/#breadcrumb\",\"itemListElement\":[{\"@type\":\"ListItem\",\"position\":1,\"name\":\"Accueil\",\"item\":\"https:\/\/www.chirurgie-nice.com\/ru\/\"},{\"@type\":\"ListItem\",\"position\":2,\"name\":\"Chirurgia medecina anti era&#8217; laser estetico a nizza\"}]},{\"@type\":\"WebSite\",\"@id\":\"https:\/\/www.chirurgie-nice.com\/#website\",\"url\":\"https:\/\/www.chirurgie-nice.com\/\",\"name\":\"Chirurgie esth\u00e9tique \u00e0 Nice - Injections et laser\",\"description\":\"Lifting Rhinoplastie Botox acide hyaluronique\",\"potentialAction\":[{\"@type\":\"SearchAction\",\"target\":{\"@type\":\"EntryPoint\",\"urlTemplate\":\"https:\/\/www.chirurgie-nice.com\/?s={search_term_string}\"},\"query-input\":{\"@type\":\"PropertyValueSpecification\",\"valueRequired\":true,\"valueName\":\"search_term_string\"}}],\"inLanguage\":\"ru-RU\"}]}<\/script>\n<!-- \/ Yoast SEO plugin. -->","yoast_head_json":{"title":"Chirurgia medecina anti era' laser estetico a nizza","description":"Chirurgia medecina anti era' laser estetico a nizza","robots":{"index":"index","follow":"follow","max-snippet":"max-snippet:-1","max-image-preview":"max-image-preview:large","max-video-preview":"max-video-preview:-1"},"canonical":"https:\/\/www.chirurgie-nice.com\/ru\/","og_locale":"ru_RU","og_type":"article","og_title":"Chirurgia medecina anti era' laser estetico a nizza","og_description":"Chirurgia medecina anti era' laser estetico a nizza","og_url":"https:\/\/www.chirurgie-nice.com\/ru\/","og_site_name":"Chirurgie esth\u00e9tique \u00e0 Nice - Injections et laser","article_publisher":"https:\/\/www.facebook.com\/docteurlellouchenice\/","article_modified_time":"2018-03-26T09:31:43+00:00","og_image":[{"url":"http:\/\/chirurgie-nice.com\/wp-content\/uploads\/chirurgie-esthetique-nice-150x300.png","type":"","width":"","height":""}],"twitter_card":"summary_large_image","twitter_site":"@ChirurgieNice","twitter_misc":{"\u041f\u0440\u0438\u043c\u0435\u0440\u043d\u043e\u0435 \u0432\u0440\u0435\u043c\u044f \u0434\u043b\u044f \u0447\u0442\u0435\u043d\u0438\u044f":"4 \u043c\u0438\u043d\u0443\u0442\u044b"},"schema":{"@context":"https:\/\/schema.org","@graph":[{"@type":"WebPage","@id":"https:\/\/www.chirurgie-nice.com\/ru\/","url":"https:\/\/www.chirurgie-nice.com\/ru\/","name":"Chirurgia medecina anti era' laser estetico a nizza","isPartOf":{"@id":"https:\/\/www.chirurgie-nice.com\/#website"},"primaryImageOfPage":{"@id":"https:\/\/www.chirurgie-nice.com\/ru\/#primaryimage"},"image":{"@id":"https:\/\/www.chirurgie-nice.com\/ru\/#primaryimage"},"thumbnailUrl":"http:\/\/chirurgie-nice.com\/wp-content\/uploads\/chirurgie-esthetique-nice-150x300.png","datePublished":"2016-02-09T14:17:20+00:00","dateModified":"2018-03-26T09:31:43+00:00","description":"Chirurgia medecina anti era' laser estetico a nizza","breadcrumb":{"@id":"https:\/\/www.chirurgie-nice.com\/ru\/#breadcrumb"},"inLanguage":"ru-RU","potentialAction":[{"@type":"ReadAction","target":["https:\/\/www.chirurgie-nice.com\/ru\/"]}]},{"@type":"ImageObject","inLanguage":"ru-RU","@id":"https:\/\/www.chirurgie-nice.com\/ru\/#primaryimage","url":"http:\/\/chirurgie-nice.com\/wp-content\/uploads\/chirurgie-esthetique-nice-150x300.png","contentUrl":"http:\/\/chirurgie-nice.com\/wp-content\/uploads\/chirurgie-esthetique-nice-150x300.png"},{"@type":"BreadcrumbList","@id":"https:\/\/www.chirurgie-nice.com\/ru\/#breadcrumb","itemListElement":[{"@type":"ListItem","position":1,"name":"Accueil","item":"https:\/\/www.chirurgie-nice.com\/ru\/"},{"@type":"ListItem","position":2,"name":"Chirurgia medecina anti era&#8217; laser estetico a nizza"}]},{"@type":"WebSite","@id":"https:\/\/www.chirurgie-nice.com\/#website","url":"https:\/\/www.chirurgie-nice.com\/","name":"Chirurgie esth\u00e9tique \u00e0 Nice - Injections et laser","description":"Lifting Rhinoplastie Botox acide hyaluronique","potentialAction":[{"@type":"SearchAction","target":{"@type":"EntryPoint","urlTemplate":"https:\/\/www.chirurgie-nice.com\/?s={search_term_string}"},"query-input":{"@type":"PropertyValueSpecification","valueRequired":true,"valueName":"search_term_string"}}],"inLanguage":"ru-RU"}]}},"_links":{"self":[{"href":"https:\/\/www.chirurgie-nice.com\/ru\/wp-json\/wp\/v2\/pages\/1874","targetHints":{"allow":["GET"]}}],"collection":[{"href":"https:\/\/www.chirurgie-nice.com\/ru\/wp-json\/wp\/v2\/pages"}],"about":[{"href":"https:\/\/www.chirurgie-nice.com\/ru\/wp-json\/wp\/v2\/types\/page"}],"author":[{"embeddable":true,"href":"https:\/\/www.chirurgie-nice.com\/ru\/wp-json\/wp\/v2\/users\/1"}],"replies":[{"embeddable":true,"href":"https:\/\/www.chirurgie-nice.com\/ru\/wp-json\/wp\/v2\/comments?post=1874"}],"version-history":[{"count":0,"href":"https:\/\/www.chirurgie-nice.com\/ru\/wp-json\/wp\/v2\/pages\/1874\/revisions"}],"wp:attachment":[{"href":"https:\/\/www.chirurgie-nice.com\/ru\/wp-json\/wp\/v2\/media?parent=1874"}],"curies":[{"name":"wp","href":"https:\/\/api.w.org\/{rel}","templated":true}]}}