{"id":1778,"date":"2016-02-05T17:49:22","date_gmt":"2016-02-05T16:49:22","guid":{"rendered":"http:\/\/chirurgie-nice.com\/temp\/?page_id=1778&#038;lang=it"},"modified":"2016-04-02T13:06:54","modified_gmt":"2016-04-02T12:06:54","slug":"la-rinoplastica-la-chirurgia-estetica-del-naso","status":"publish","type":"page","link":"https:\/\/www.chirurgie-nice.com\/ru\/la-rinoplastica-la-chirurgia-estetica-del-naso\/","title":{"rendered":"La rinoplastica : la chirurgia estetica del naso"},"content":{"rendered":"<div class=\"wpb-content-wrapper\"><p>[vc_row][vc_column]<header class=\"kwayy-heading-wrapper kwayy-heading-wrapper-align-left\"><div class=\"kwayy-heading-wrapper-inner\"><h2 class=\"kwayy-heading-align-left\"><span>La rinoplastica : la chirurgia estetica del naso<\/span><\/h2><\/div><\/header>[vc_column_text]<\/p>\n<h4 class=\"title\" style=\"text-align: justify;\"><strong><img loading=\"lazy\" decoding=\"async\" class=\"alignright wp-image-1602 size-medium\" title=\"la rhinoplastie ou chirurgie esthetique du nez\" src=\"http:\/\/chirurgie-nice.com\/wp-content\/uploads\/rhinoplastie-chirurgie-du-nez-300x206.jpg\" alt=\"La rhinoplastie ou chirurgie esth\u00e9tique du nez\" width=\"300\" height=\"206\" srcset=\"https:\/\/www.chirurgie-nice.com\/wp-content\/uploads\/rhinoplastie-chirurgie-du-nez-300x206.jpg 300w, https:\/\/www.chirurgie-nice.com\/wp-content\/uploads\/rhinoplastie-chirurgie-du-nez.jpg 403w\" sizes=\"auto, (max-width: 300px) 100vw, 300px\" \/><\/strong><\/h4>\n<p>Lo scopo di una rinoplastica \u00e8 di modellare un naso che si armonizzi con la forma del vostro viso, e correggere gli inestetismi.<br \/>\nUna rinoplastica si puo\u2019 effettuare ad ogni et\u00e0 a partire dell\u2019adolescenza. Il miglioramento \u00e8 diffente per ogni persona. Dipende dallo spessore della pelle, della malformazione nasale, dei problemi respiratori, ed anche da quello che la persona desidera come risultato.<br \/>\nLa rinoplastica \u00e8 generalmente praticata per un aspetto estetico. La si puo\u2019 associare ad una settoplastica per avere una migliore funzione respiratoria. Questo permetterebbe di eliminare le sinusiti, le allergie croniche, ed a volte delle cefalee che si ripetono con frequenza.<br \/>\nPer ottenere un risultato perfetto, la chirurgia deve essere eseguita con cura meticolosa. Pertanto \u00e8 importante essere ben informata\/o prima di sottoporsi alla chirurgia. Questo intervento agisce in maniera positiva per la nostra immagine, di conseguenza si acquisisce una maggiore fiducia in se stessi.<\/p>\n<h3><u><strong>La vostra prima visita<\/strong><\/u> :<\/h3>\n<p>Provvedero\u2019 personalmente insieme\u00a0alla mia \u00e9quipe, ad informarvi come procede\u00a0la\u00a0chirurgia di rinoplastica,\u00a0la convalescenza, i\u00a0dolori,\u00a0e\u00a0le eventuali\u00a0complicazioni. Siamo\u00a0 disposti\u00a0 a\u00a0 rispondere\u00a0 a\u00a0 tutte\u00a0 le\u00a0 vostre domande\u00a0 per\u00a0 darvi\u00a0 una\u00a0 completa\u00a0 soddisfazione.<br \/>\nDelle\u00a0 fotografie\u00a0 \u00ab\u00a0prima\u00a0 e\u00a0 dopo\u00a0\u00bb la\u00a0 chirurgia\u00a0 saranno\u00a0 richieste\u00a0 per completare\u00a0 la\u00a0 vostra\u00a0 pratica . Le stesse\u00a0 potranno\u00a0 essere\u00a0 prese\u00a0 in\u00a0 visione durante\u00a0 i\u00a0 Congressi\u00a0 Internazionali\u00a0 di\u00a0 chirurgia\u00a0 plastica,\u00a0 oppure\u00a0 apparire\u00a0 su giornali\u00a0 di\u00a0 medicina,\u00a0 o\u00a0 su\u00a0 libri\u00a0 destinati \u00a0\u00a0all\u2019insegnamento\u00a0 della \u00a0\u00a0chirurgia\u00a0 plastica .<br \/>\nIl\u00a0 prezzo\u00a0 della\u00a0 chirurgia\u00a0 comprende\u00a0 tutte\u00a0 le\u00a0 visite\u00a0 post-operatorie , e\u00a0 gli eventuali\u00a0 ritocchi\u00a0 chirurgici.\u00a0 Delle\u00a0 analisi\u00a0 di\u00a0 sangue,\u00a0 ed\u00a0 un\u00a0 formulario\u00a0 a riempire\u00a0 sul\u00a0 vostro\u00a0 stato\u00a0 di\u00a0 salute , saranno richiesti\u00a0 per\u00a0 completare\u00a0 la vostra\u00a0 pratica .<\/p>\n<h3><u><strong>Fasi pre-operatorie prima di un intervento di rinoplastica<\/strong><\/u> :<\/h3>\n<ol>\n<li>Tutte le medicine che contengono l\u2019aspirina dovranno essere sospese circa 10 giorni prima e dopo l\u2019intervento.<\/li>\n<li>Smettere di fumare e di essere a contatto con dei fumatori, almeno due settimane prima e dopo l\u2019intervento.<\/li>\n<li>Il consumo di alcoolici (birra, vino o alcool forti) \u00e8 da evitare durante le due settimane prima dell\u2019intervento.<\/li>\n<li>Un controllo del medico curante che certifichi il vostro stato di salute sar\u00e0 richiesto.<\/li>\n<li>La vigilia ed il mattino dell\u2019intervento \u00e8 consigliata una buona pulizia del viso.<\/li>\n<li>Il mattino dell\u2019operazione prevedere degli indumenti confortevoli in modo da evitare che passino sopra la testa.<\/li>\n<li>Sarebbe opportuno non portare con se oggetti di valore.<\/li>\n<li>Nessun tipo di trucco per il viso deve essere applicato al mattino.<\/li>\n<li>Non assumere bevande liquide o alimenti se l\u2019intervento richiede una anestesia generale.<\/li>\n<li>Essere accompagnati da una persona per il ritorno a casa e per la prima notte.<\/li>\n<li>Evitare l\u2019esposizione al sole sulla zona operata durante il primo mese che segue l\u2019intervento.<\/li>\n<\/ol>\n<h3><u><strong>L\u2019intervento di chirurgia del naso o rinoplastica<\/strong><\/u><strong> :<\/strong><\/h3>\n<p>Nella maggior parte dei casi la chirurgia di rinoplastica, si pratica su anestesia generale.<br \/>\nUna buona formazione su questo tipo di intervento ci permette di fare fronte alle eventuali complicazioni, anche se sono estremamente rare soprattutto nelle persone in buona salute.<br \/>\nUn\u2019atmosfera rilassante regna nella sala operatoria, che permette di operare con precisone e cura al fine di ottenere degli ottimi risultati.<\/p>\n<h3><u><strong>Le cure post-operatorie<\/strong><\/u> :<\/h3>\n<ol>\n<li>Dopo la chirurgia potrete tornare a casa. Se lo desiderate possiamo offrirvi un luogo specializzato per la convalescenza con un servizio di trasporto durante le visite di controllo.<\/li>\n<li>La medicazione verr\u00e0 tolta dopo sette giorni<\/li>\n<li>Cercare di tenere la testa piu\u2019 sollevata che possibile per ridurre l\u2019edema (se sdraiata\/o, mettere un cuscino sotto la testa). Se dovete chinarvi, piegare le ginocchia e tenere la testa dritta.<\/li>\n<li>Per le applicazioni di ghiaccio sulla pelle (borsa del ghiaccio) mettere sempre un panno tra la borsa del ghiaccio e la pelle ; si puo\u2019 continuare al bisogno, di mettere del ghiaccio durante le 48 ore che seguono l\u2019intervento.<\/li>\n<li>Tutti gli esercizi fisici moderati sono sconsigliati per due settimane, mentre gli esercizi che richiedono maggior sforzo si consiglia un riposo di un mese. Nonostante cio\u2019 una salutare camminata all\u2019aria aperta \u00e8 consigliata<\/li>\n<li>Delle echimosi, o dei \u00ab blu \u00bb gli ematomi possono durare anche dieci giorni. Un gonfiore sar\u00e0 presente e la guarigione sar\u00e0 considerata completa dopo un anno. Questo \u00e8 normale non bisogna inquietarsi.<\/li>\n<li>La sensazione della pelle che \u00ab tira \u00bb trover\u00e0 sollievo con degli analgesici che verranno prescritti per l\u2019intervento.<\/li>\n<li>Usare una protezione solare per un mese.<\/li>\n<li>Durante le 24 alle 48 ore una leggera perdita di sangue dal naso puo\u2019 prodursi. Applicheremo una compressa sotto il naso in modo da assorbire il sangue, e le secrezioni nasali. Occorre cambiare le compresse piu\u2019 volte.<\/li>\n<li>Si possono pulire delicatamente le narici con un cotton fioc imbevuto di acqua ossigenata, anche piu\u2019 volte al giorno senza alcun rischio.<\/li>\n<li>Lo starnuto \u00e8 un riflesso che puo\u2019 essere interrotto mordendosi la lingua. Oppure attappatevi le narici ed eliminate l\u2019aria dalla bocca.<\/li>\n<li>E\u2019 consentito l\u2019uso degli occhiali e delle lenti a contatto.<\/li>\n<li>Non soffiare il naso, ma assorbite le secrezioni delle narici con una garza sterile almeno per i primi dieci giorni<\/li>\n<li>I punti di sutura si riassorbono da soli all\u2019interno del naso dopo 15 giorni che seguono l\u2019intervento.<\/li>\n<\/ol>\n<h3><u><strong>I rischi e le complicazioni possibili<\/strong><\/u> :<\/h3>\n<p>&#8212; Sanguinamento<br \/>\n&#8212; L\u2019infezione in casi rari, viene trattata con terapia antibiotica.<br \/>\n&#8212; Un colpo violento potrebbe essere dannoso per la struttura nasale. Nel caso bisogna subito intervenire applicando del ghiaccio per evitare un edema.<br \/>\n&#8212; C\u2019\u00e8 sempre la possibilit\u00e0 di una reazione allergica alle medicine ed ai disinfettanti.<br \/>\n&#8212; La vostra apparenza cambier\u00e0 e dar\u00e0 un\u2019altra immagine al volto, ci vorrano diversi giorni, o forse alcune settimane prima di abituarsi a questo cambiamento.<br \/>\n&#8212; E\u2019 normale di sentirsi un po\u2019 stanchi ed inquieti, durante questo periodo che puo\u2019 variare da una a tre settimane dopo l\u2019intervento. Queste sensazioni saranno presto dimenticate via che la guarigione progredisce, lasciando spazio alla positivit\u00e0 della vostra nuova apparenza.<br \/>\n&#8212; Le complicazioni della chirurgia di rinoplastica sono rare, grazie alla nostra rigorosa esperienza e pratica nella chirurgia. Se le abbiamo elencate, non \u00e8 per farvi paura, ma piuttosto per rassicurarvi e perch\u00e8 abbiate una migliore informazione.<\/p>\n<h3><u><strong>Prezzi di un intervento di rinoplastica<\/strong><\/u> :<\/h3>\n<p>Il costo di un intervento di Rinoplastica \u00e8 compreso tra i 2500 e 3000 euro spese comprese.<\/p>\n<h4 class=\"title\" style=\"text-align: justify;\"><strong>\u00a0<\/strong><\/h4>\n<h4><a href=\"http:\/\/chirurgie-nice.com\/temp\/intervention-de-rhinoplastie\/\">Consultez les photos d&#8217;interventions de rhinoplastie effectu\u00e9es par le Docteur Bruno Lellouche<\/a><\/h4>\n<p>[\/vc_column_text][\/vc_column][\/vc_row][vc_row fullwidth=&#187;true&#187; parallax=&#187;true&#187;][vc_column width=&#187;1\/6&#8243;][vc_column_text]<\/p>\n<p>[\/vc_column_text][\/vc_column][vc_column width=&#187;2\/3&#8243;][vc_column_text]<\/p>\n<h3><strong>Votre question sur l&#8217;intervention de rhinoplastie<\/strong><\/h3>\n<p>[\/vc_column_text][vc_separator]\n<div class=\"wpcf7 no-js\" id=\"wpcf7-f1534-o1\" lang=\"fr-FR\" dir=\"ltr\" data-wpcf7-id=\"1534\">\n<div class=\"screen-reader-response\"><p role=\"status\" aria-live=\"polite\" aria-atomic=\"true\"><\/p> <ul><\/ul><\/div>\n<form action=\"\/ru\/wp-json\/wp\/v2\/pages\/1778#wpcf7-f1534-o1\" method=\"post\" class=\"wpcf7-form init\" aria-label=\"Formulaire de contact\" novalidate=\"novalidate\" data-status=\"init\">\n<fieldset class=\"hidden-fields-container\"><input type=\"hidden\" name=\"_wpcf7\" value=\"1534\" \/><input type=\"hidden\" name=\"_wpcf7_version\" value=\"6.1.5\" \/><input type=\"hidden\" name=\"_wpcf7_locale\" value=\"fr_FR\" \/><input type=\"hidden\" name=\"_wpcf7_unit_tag\" value=\"wpcf7-f1534-o1\" \/><input type=\"hidden\" name=\"_wpcf7_container_post\" value=\"0\" \/><input type=\"hidden\" name=\"_wpcf7_posted_data_hash\" value=\"\" \/><input type=\"hidden\" name=\"_wpcf7_recaptcha_response\" value=\"\" \/>\n<\/fieldset>\n<p>Votre nom (obligatoire)\n<\/p>\n<p><span class=\"wpcf7-form-control-wrap\" data-name=\"your-name\"><input size=\"40\" maxlength=\"400\" class=\"wpcf7-form-control wpcf7-text wpcf7-validates-as-required\" aria-required=\"true\" aria-invalid=\"false\" value=\"\" type=\"text\" name=\"your-name\" \/><\/span>\n<\/p>\n<p>Votre email (obligatoire)\n<\/p>\n<p><span class=\"wpcf7-form-control-wrap\" data-name=\"your-email\"><input size=\"40\" maxlength=\"400\" class=\"wpcf7-form-control wpcf7-email wpcf7-validates-as-required wpcf7-text wpcf7-validates-as-email\" aria-required=\"true\" aria-invalid=\"false\" value=\"\" type=\"email\" name=\"your-email\" \/><\/span>\n<\/p>\n<p>Votre T\u00e9l\u00e9phone (obligatoire)\n<\/p>\n<p><span class=\"wpcf7-form-control-wrap\" data-name=\"tel-650\"><input size=\"40\" maxlength=\"400\" class=\"wpcf7-form-control wpcf7-tel wpcf7-validates-as-required wpcf7-text wpcf7-validates-as-tel\" aria-required=\"true\" aria-invalid=\"false\" value=\"\" type=\"tel\" name=\"tel-650\" \/><\/span>\n<\/p>\n<p>Ville de consultation\n<\/p>\n<p><span class=\"wpcf7-form-control-wrap\" data-name=\"menu-584\"><select class=\"wpcf7-form-control wpcf7-select\" aria-invalid=\"false\" name=\"menu-584\"><option value=\"Nice\">Nice<\/option><option value=\"Paris\">Paris<\/option><\/select><\/span>\n<\/p>\n<p>Sujet\n<\/p>\n<p><span class=\"wpcf7-form-control-wrap\" data-name=\"your-subject\"><input size=\"40\" maxlength=\"400\" class=\"wpcf7-form-control wpcf7-text\" aria-invalid=\"false\" value=\"\" type=\"text\" name=\"your-subject\" \/><\/span>\n<\/p>\n<p>Votre message\n<\/p>\n<p><span class=\"wpcf7-form-control-wrap\" data-name=\"your-message\"><textarea cols=\"40\" rows=\"10\" maxlength=\"2000\" class=\"wpcf7-form-control wpcf7-textarea\" aria-invalid=\"false\" name=\"your-message\"><\/textarea><\/span>\n<\/p>\n<p><input class=\"wpcf7-form-control wpcf7-submit has-spinner\" type=\"submit\" value=\"Envoyer\" \/>\n<\/p><div class=\"wpcf7-response-output\" aria-hidden=\"true\"><\/div>\n<\/form>\n<\/div>\n[\/vc_column][vc_column width=&#187;1\/6&#8243;][\/vc_column][\/vc_row]<\/p>\n<\/div>","protected":false},"excerpt":{"rendered":"<p>[vc_row][vc_column][vc_column_text] Lo scopo di una rinoplastica \u00e8 di modellare un naso che si armonizzi con la forma del vostro viso, e correggere gli inestetismi. Una rinoplastica si puo\u2019 effettuare ad ogni et\u00e0 a partire dell\u2019adolescenza. Il miglioramento \u00e8 diffente per ogni persona. Dipende dallo spessore della pelle, della malformazione nasale, dei problemi respiratori, ed anche [&hellip;]<\/p>\n","protected":false},"author":1,"featured_media":0,"parent":0,"menu_order":0,"comment_status":"closed","ping_status":"closed","template":"","meta":{"footnotes":""},"class_list":["post-1778","page","type-page","status-publish","hentry"],"yoast_head":"<!-- This site is optimized with the Yoast SEO plugin v27.2 - https:\/\/yoast.com\/product\/yoast-seo-wordpress\/ -->\n<title>La rinoplastica : la chirurgia estetica del naso<\/title>\n<meta name=\"description\" content=\"La rinoplastica : la chirurgia estetica del naso : Lo scopo di una rinoplastica \u00e8 di modellare un naso che si armonizzi con la forma del vostro viso, e correggere gli inestetismi.\" \/>\n<meta name=\"robots\" content=\"index, follow, max-snippet:-1, max-image-preview:large, max-video-preview:-1\" \/>\n<link rel=\"canonical\" href=\"https:\/\/www.chirurgie-nice.com\/la-rhinoplastie-chirurgie-esthetique-du-nez-nice\/\" \/>\n<meta property=\"og:locale\" content=\"ru_RU\" \/>\n<meta property=\"og:type\" content=\"article\" \/>\n<meta property=\"og:title\" content=\"La rinoplastica : la chirurgia estetica del naso\" \/>\n<meta property=\"og:description\" content=\"La rinoplastica : la chirurgia estetica del naso : Lo scopo di una rinoplastica \u00e8 di modellare un naso che si armonizzi con la forma del vostro viso, e correggere gli inestetismi.\" \/>\n<meta property=\"og:url\" content=\"https:\/\/www.chirurgie-nice.com\/la-rhinoplastie-chirurgie-esthetique-du-nez-nice\/\" \/>\n<meta property=\"og:site_name\" content=\"Chirurgie esth\u00e9tique \u00e0 Nice - Injections et laser\" \/>\n<meta property=\"article:publisher\" content=\"https:\/\/www.facebook.com\/docteurlellouchenice\/\" \/>\n<meta property=\"article:modified_time\" content=\"2016-04-02T12:06:54+00:00\" \/>\n<meta property=\"og:image\" content=\"http:\/\/chirurgie-nice.com\/wp-content\/uploads\/rhinoplastie-chirurgie-du-nez-300x206.jpg\" \/>\n<meta name=\"twitter:card\" content=\"summary_large_image\" \/>\n<meta name=\"twitter:site\" content=\"@ChirurgieNice\" \/>\n<meta name=\"twitter:label1\" content=\"\u041f\u0440\u0438\u043c\u0435\u0440\u043d\u043e\u0435 \u0432\u0440\u0435\u043c\u044f \u0434\u043b\u044f \u0447\u0442\u0435\u043d\u0438\u044f\" \/>\n\t<meta name=\"twitter:data1\" content=\"5 \u043c\u0438\u043d\u0443\u0442\" \/>\n<script type=\"application\/ld+json\" class=\"yoast-schema-graph\">{\"@context\":\"https:\/\/schema.org\",\"@graph\":[{\"@type\":\"WebPage\",\"@id\":\"https:\/\/www.chirurgie-nice.com\/la-rhinoplastie-chirurgie-esthetique-du-nez-nice\/\",\"url\":\"https:\/\/www.chirurgie-nice.com\/la-rhinoplastie-chirurgie-esthetique-du-nez-nice\/\",\"name\":\"La rinoplastica : la chirurgia estetica del naso\",\"isPartOf\":{\"@id\":\"https:\/\/www.chirurgie-nice.com\/#website\"},\"primaryImageOfPage\":{\"@id\":\"https:\/\/www.chirurgie-nice.com\/la-rhinoplastie-chirurgie-esthetique-du-nez-nice\/#primaryimage\"},\"image\":{\"@id\":\"https:\/\/www.chirurgie-nice.com\/la-rhinoplastie-chirurgie-esthetique-du-nez-nice\/#primaryimage\"},\"thumbnailUrl\":\"http:\/\/chirurgie-nice.com\/wp-content\/uploads\/rhinoplastie-chirurgie-du-nez-300x206.jpg\",\"datePublished\":\"2016-02-05T16:49:22+00:00\",\"dateModified\":\"2016-04-02T12:06:54+00:00\",\"description\":\"La rinoplastica : la chirurgia estetica del naso : Lo scopo di una rinoplastica \u00e8 di modellare un naso che si armonizzi con la forma del vostro viso, e correggere gli inestetismi.\",\"breadcrumb\":{\"@id\":\"https:\/\/www.chirurgie-nice.com\/la-rhinoplastie-chirurgie-esthetique-du-nez-nice\/#breadcrumb\"},\"inLanguage\":\"ru-RU\",\"potentialAction\":[{\"@type\":\"ReadAction\",\"target\":[\"https:\/\/www.chirurgie-nice.com\/la-rhinoplastie-chirurgie-esthetique-du-nez-nice\/\"]}]},{\"@type\":\"ImageObject\",\"inLanguage\":\"ru-RU\",\"@id\":\"https:\/\/www.chirurgie-nice.com\/la-rhinoplastie-chirurgie-esthetique-du-nez-nice\/#primaryimage\",\"url\":\"http:\/\/chirurgie-nice.com\/wp-content\/uploads\/rhinoplastie-chirurgie-du-nez-300x206.jpg\",\"contentUrl\":\"http:\/\/chirurgie-nice.com\/wp-content\/uploads\/rhinoplastie-chirurgie-du-nez-300x206.jpg\"},{\"@type\":\"BreadcrumbList\",\"@id\":\"https:\/\/www.chirurgie-nice.com\/la-rhinoplastie-chirurgie-esthetique-du-nez-nice\/#breadcrumb\",\"itemListElement\":[{\"@type\":\"ListItem\",\"position\":1,\"name\":\"Accueil\",\"item\":\"https:\/\/www.chirurgie-nice.com\/ru\/\"},{\"@type\":\"ListItem\",\"position\":2,\"name\":\"La rinoplastica : la chirurgia estetica del naso\"}]},{\"@type\":\"WebSite\",\"@id\":\"https:\/\/www.chirurgie-nice.com\/#website\",\"url\":\"https:\/\/www.chirurgie-nice.com\/\",\"name\":\"Chirurgie esth\u00e9tique \u00e0 Nice - Injections et laser\",\"description\":\"Lifting Rhinoplastie Botox acide hyaluronique\",\"potentialAction\":[{\"@type\":\"SearchAction\",\"target\":{\"@type\":\"EntryPoint\",\"urlTemplate\":\"https:\/\/www.chirurgie-nice.com\/?s={search_term_string}\"},\"query-input\":{\"@type\":\"PropertyValueSpecification\",\"valueRequired\":true,\"valueName\":\"search_term_string\"}}],\"inLanguage\":\"ru-RU\"}]}<\/script>\n<!-- \/ Yoast SEO plugin. -->","yoast_head_json":{"title":"La rinoplastica : la chirurgia estetica del naso","description":"La rinoplastica : la chirurgia estetica del naso : Lo scopo di una rinoplastica \u00e8 di modellare un naso che si armonizzi con la forma del vostro viso, e correggere gli inestetismi.","robots":{"index":"index","follow":"follow","max-snippet":"max-snippet:-1","max-image-preview":"max-image-preview:large","max-video-preview":"max-video-preview:-1"},"canonical":"https:\/\/www.chirurgie-nice.com\/la-rhinoplastie-chirurgie-esthetique-du-nez-nice\/","og_locale":"ru_RU","og_type":"article","og_title":"La rinoplastica : la chirurgia estetica del naso","og_description":"La rinoplastica : la chirurgia estetica del naso : Lo scopo di una rinoplastica \u00e8 di modellare un naso che si armonizzi con la forma del vostro viso, e correggere gli inestetismi.","og_url":"https:\/\/www.chirurgie-nice.com\/la-rhinoplastie-chirurgie-esthetique-du-nez-nice\/","og_site_name":"Chirurgie esth\u00e9tique \u00e0 Nice - Injections et laser","article_publisher":"https:\/\/www.facebook.com\/docteurlellouchenice\/","article_modified_time":"2016-04-02T12:06:54+00:00","og_image":[{"url":"http:\/\/chirurgie-nice.com\/wp-content\/uploads\/rhinoplastie-chirurgie-du-nez-300x206.jpg","type":"","width":"","height":""}],"twitter_card":"summary_large_image","twitter_site":"@ChirurgieNice","twitter_misc":{"\u041f\u0440\u0438\u043c\u0435\u0440\u043d\u043e\u0435 \u0432\u0440\u0435\u043c\u044f \u0434\u043b\u044f \u0447\u0442\u0435\u043d\u0438\u044f":"5 \u043c\u0438\u043d\u0443\u0442"},"schema":{"@context":"https:\/\/schema.org","@graph":[{"@type":"WebPage","@id":"https:\/\/www.chirurgie-nice.com\/la-rhinoplastie-chirurgie-esthetique-du-nez-nice\/","url":"https:\/\/www.chirurgie-nice.com\/la-rhinoplastie-chirurgie-esthetique-du-nez-nice\/","name":"La rinoplastica : la chirurgia estetica del naso","isPartOf":{"@id":"https:\/\/www.chirurgie-nice.com\/#website"},"primaryImageOfPage":{"@id":"https:\/\/www.chirurgie-nice.com\/la-rhinoplastie-chirurgie-esthetique-du-nez-nice\/#primaryimage"},"image":{"@id":"https:\/\/www.chirurgie-nice.com\/la-rhinoplastie-chirurgie-esthetique-du-nez-nice\/#primaryimage"},"thumbnailUrl":"http:\/\/chirurgie-nice.com\/wp-content\/uploads\/rhinoplastie-chirurgie-du-nez-300x206.jpg","datePublished":"2016-02-05T16:49:22+00:00","dateModified":"2016-04-02T12:06:54+00:00","description":"La rinoplastica : la chirurgia estetica del naso : Lo scopo di una rinoplastica \u00e8 di modellare un naso che si armonizzi con la forma del vostro viso, e correggere gli inestetismi.","breadcrumb":{"@id":"https:\/\/www.chirurgie-nice.com\/la-rhinoplastie-chirurgie-esthetique-du-nez-nice\/#breadcrumb"},"inLanguage":"ru-RU","potentialAction":[{"@type":"ReadAction","target":["https:\/\/www.chirurgie-nice.com\/la-rhinoplastie-chirurgie-esthetique-du-nez-nice\/"]}]},{"@type":"ImageObject","inLanguage":"ru-RU","@id":"https:\/\/www.chirurgie-nice.com\/la-rhinoplastie-chirurgie-esthetique-du-nez-nice\/#primaryimage","url":"http:\/\/chirurgie-nice.com\/wp-content\/uploads\/rhinoplastie-chirurgie-du-nez-300x206.jpg","contentUrl":"http:\/\/chirurgie-nice.com\/wp-content\/uploads\/rhinoplastie-chirurgie-du-nez-300x206.jpg"},{"@type":"BreadcrumbList","@id":"https:\/\/www.chirurgie-nice.com\/la-rhinoplastie-chirurgie-esthetique-du-nez-nice\/#breadcrumb","itemListElement":[{"@type":"ListItem","position":1,"name":"Accueil","item":"https:\/\/www.chirurgie-nice.com\/ru\/"},{"@type":"ListItem","position":2,"name":"La rinoplastica : la chirurgia estetica del naso"}]},{"@type":"WebSite","@id":"https:\/\/www.chirurgie-nice.com\/#website","url":"https:\/\/www.chirurgie-nice.com\/","name":"Chirurgie esth\u00e9tique \u00e0 Nice - Injections et laser","description":"Lifting Rhinoplastie Botox acide hyaluronique","potentialAction":[{"@type":"SearchAction","target":{"@type":"EntryPoint","urlTemplate":"https:\/\/www.chirurgie-nice.com\/?s={search_term_string}"},"query-input":{"@type":"PropertyValueSpecification","valueRequired":true,"valueName":"search_term_string"}}],"inLanguage":"ru-RU"}]}},"_links":{"self":[{"href":"https:\/\/www.chirurgie-nice.com\/ru\/wp-json\/wp\/v2\/pages\/1778","targetHints":{"allow":["GET"]}}],"collection":[{"href":"https:\/\/www.chirurgie-nice.com\/ru\/wp-json\/wp\/v2\/pages"}],"about":[{"href":"https:\/\/www.chirurgie-nice.com\/ru\/wp-json\/wp\/v2\/types\/page"}],"author":[{"embeddable":true,"href":"https:\/\/www.chirurgie-nice.com\/ru\/wp-json\/wp\/v2\/users\/1"}],"replies":[{"embeddable":true,"href":"https:\/\/www.chirurgie-nice.com\/ru\/wp-json\/wp\/v2\/comments?post=1778"}],"version-history":[{"count":0,"href":"https:\/\/www.chirurgie-nice.com\/ru\/wp-json\/wp\/v2\/pages\/1778\/revisions"}],"wp:attachment":[{"href":"https:\/\/www.chirurgie-nice.com\/ru\/wp-json\/wp\/v2\/media?parent=1778"}],"curies":[{"name":"wp","href":"https:\/\/api.w.org\/{rel}","templated":true}]}}