{"id":1863,"date":"2016-02-09T14:47:25","date_gmt":"2016-02-09T13:47:25","guid":{"rendered":"http:\/\/chirurgie-nice.com\/temp\/?page_id=1863&#038;lang=it"},"modified":"2016-02-09T14:47:25","modified_gmt":"2016-02-09T13:47:25","slug":"ringiovanimento-al-laser","status":"publish","type":"page","link":"https:\/\/www.chirurgie-nice.com\/it\/ringiovanimento-al-laser\/","title":{"rendered":"ringiovanimento al laser"},"content":{"rendered":"<div class=\"wpb-content-wrapper\"><p>[vc_row][vc_column]<header class=\"kwayy-heading-wrapper kwayy-heading-wrapper-align-left\"><div class=\"kwayy-heading-wrapper-inner\"><h2 class=\"kwayy-heading-align-left\"><span>ringiovanimento al laser<\/span><\/h2><\/div><\/header>[vc_column_text]<\/p>\n<h3 class=\"title\">Il resurfacing o il ringiovanimento grazie al laser<\/h3>\n<p style=\"text-align: justify;\"><img loading=\"lazy\" decoding=\"async\" class=\"alignright\" title=\"rajeunir avec le laser rajeunissement laser\" src=\"http:\/\/chirurgie-nice.com\/images\/epilation-laser.png\" alt=\"rajeunir avec le laser rajeunissement laser\" width=\"207\" height=\"220\" \/>E\u2019 una tecnica che permette di cancellare i segni del tempo. I metodi di ringiovanimento sono diversi.<br \/>\nIl laser \u00e8 il metodo piu\u2019 sicuro ed efficace contro l\u2019invecchiamento della pelle. Il Resurfacing permette di lisciare la pelle grazie al laser i cui parametri (potenza, profondit\u00e0) sono definiti da un sistema informatico. Il laser Resurfacing, vaporizza gli strati superficiali della pelle, rispettando la profondit\u00e0. Dopo il passaggio del laser, si forma del collagene, per riempiere i solchi delle rughe e delle rughette ; l\u2019epidermide si riforma circa dopo due settimane dal trattamento. Il laser AFFIRM di Cynosure \u00e8 un laser recente, che permette un\u2019abrasione cutanea senza conseguenze pesanti come gli altri lasers (Erbium,CO2 \u2026). Il movimento oscillatorio del laser risulta poco doloroso, grazie ad un raffreddamento di aria continua. Un leggero pizzichio, \u00e8 un sintomo che si risente e che dura in genere qualche ora.<\/p>\n<h3><u><strong>Nuove tecnologie del ringiovanimento al laser : Ematrix<\/strong><\/u><\/h3>\n<p style=\"text-align: justify;\">Da qualche mese stiamo utilizzando l\u2019ultima tecnicologia innovatrice con il laser eMatrix de Cyneron, che d\u00e0 dei risultati veramente straordinari sul ringiovanimento, e sulle cicatrici dell\u2019acne. Al suo passaggio la pelle appare un po\u2019 rosata, ma cio\u2019 non cosituisce un problema, quindi tutte le attivit\u00e0 quotidiane possono essere riprese normalmente. La tecnologia laser, d\u00e0 ottimi risultati e segna una nuova innovazione in rapporto ai vecchi lasers ed ai peelings chimici .<\/p>\n<h3><u><strong>A chi \u00e8 indicato il ringiovanimento laser ?<\/strong><\/u><\/h3>\n<p style=\"text-align: justify;\">Il ringiovanimento laser \u00e8 indicato sia alle donne, che agli uomini, senza limiti di et\u00e0. Il viso ma anche il collo, il d\u00e8collet\u00e9, e le mani possono beneficiare del ringiovanimento al laser. Tratta anche efficacemente le rughe, le rughette, e le macchie scure, e le macchie solari. E\u2019 indicato anche per lisciare le palpebre. Il laser ringiovanisce in maniera spettacolare e naturale, la pelle ritorna giovane e tonica in tre sedute spaziate tra di loro in tre settimane..<\/p>\n<h3><strong><u>Costo del ringiovanimento al laser<\/u><\/strong><\/h3>\n<p>Ogni seduta costa 350 euro[\/vc_column_text][vc_separator style=&#8221;dotted&#8221;][vc_empty_space height=&#8221;25px&#8221;][\/vc_column][\/vc_row][vc_row][vc_column width=&#8221;1\/6&#8243;][\/vc_column][vc_column width=&#8221;2\/3&#8243;]<header class=\"kwayy-heading-wrapper kwayy-heading-wrapper-align-left\"><div class=\"kwayy-heading-wrapper-inner\"><h2 class=\"kwayy-heading-align-left\"><span>Votre question sur le rajeunissement laser<\/span><\/h2><\/div><\/header>\n<div class=\"wpcf7 no-js\" id=\"wpcf7-f1534-o1\" lang=\"fr-FR\" dir=\"ltr\" data-wpcf7-id=\"1534\">\n<div class=\"screen-reader-response\"><p role=\"status\" aria-live=\"polite\" aria-atomic=\"true\"><\/p> <ul><\/ul><\/div>\n<form action=\"\/it\/wp-json\/wp\/v2\/pages\/1863#wpcf7-f1534-o1\" method=\"post\" class=\"wpcf7-form init\" aria-label=\"Formulaire de contact\" novalidate=\"novalidate\" data-status=\"init\">\n<fieldset class=\"hidden-fields-container\"><input type=\"hidden\" name=\"_wpcf7\" value=\"1534\" \/><input type=\"hidden\" name=\"_wpcf7_version\" value=\"6.1.5\" \/><input type=\"hidden\" name=\"_wpcf7_locale\" value=\"fr_FR\" \/><input type=\"hidden\" name=\"_wpcf7_unit_tag\" value=\"wpcf7-f1534-o1\" \/><input type=\"hidden\" name=\"_wpcf7_container_post\" value=\"0\" \/><input type=\"hidden\" name=\"_wpcf7_posted_data_hash\" value=\"\" \/><input type=\"hidden\" name=\"_wpcf7_recaptcha_response\" value=\"\" \/>\n<\/fieldset>\n<p>Votre nom (obligatoire)\n<\/p>\n<p><span class=\"wpcf7-form-control-wrap\" data-name=\"your-name\"><input size=\"40\" maxlength=\"400\" class=\"wpcf7-form-control wpcf7-text wpcf7-validates-as-required\" aria-required=\"true\" aria-invalid=\"false\" value=\"\" type=\"text\" name=\"your-name\" \/><\/span>\n<\/p>\n<p>Votre email (obligatoire)\n<\/p>\n<p><span class=\"wpcf7-form-control-wrap\" data-name=\"your-email\"><input size=\"40\" maxlength=\"400\" class=\"wpcf7-form-control wpcf7-email wpcf7-validates-as-required wpcf7-text wpcf7-validates-as-email\" aria-required=\"true\" aria-invalid=\"false\" value=\"\" type=\"email\" name=\"your-email\" \/><\/span>\n<\/p>\n<p>Votre T\u00e9l\u00e9phone (obligatoire)\n<\/p>\n<p><span class=\"wpcf7-form-control-wrap\" data-name=\"tel-650\"><input size=\"40\" maxlength=\"400\" class=\"wpcf7-form-control wpcf7-tel wpcf7-validates-as-required wpcf7-text wpcf7-validates-as-tel\" aria-required=\"true\" aria-invalid=\"false\" value=\"\" type=\"tel\" name=\"tel-650\" \/><\/span>\n<\/p>\n<p>Ville de consultation\n<\/p>\n<p><span class=\"wpcf7-form-control-wrap\" data-name=\"menu-584\"><select class=\"wpcf7-form-control wpcf7-select\" aria-invalid=\"false\" name=\"menu-584\"><option value=\"Nice\">Nice<\/option><option value=\"Paris\">Paris<\/option><\/select><\/span>\n<\/p>\n<p>Sujet\n<\/p>\n<p><span class=\"wpcf7-form-control-wrap\" data-name=\"your-subject\"><input size=\"40\" maxlength=\"400\" class=\"wpcf7-form-control wpcf7-text\" aria-invalid=\"false\" value=\"\" type=\"text\" name=\"your-subject\" \/><\/span>\n<\/p>\n<p>Votre message\n<\/p>\n<p><span class=\"wpcf7-form-control-wrap\" data-name=\"your-message\"><textarea cols=\"40\" rows=\"10\" maxlength=\"2000\" class=\"wpcf7-form-control wpcf7-textarea\" aria-invalid=\"false\" name=\"your-message\"><\/textarea><\/span>\n<\/p>\n<p><input class=\"wpcf7-form-control wpcf7-submit has-spinner\" type=\"submit\" value=\"Envoyer\" \/>\n<\/p><div class=\"wpcf7-response-output\" aria-hidden=\"true\"><\/div>\n<\/form>\n<\/div>\n[\/vc_column][vc_column width=&#8221;1\/6&#8243;][\/vc_column][\/vc_row]<\/p>\n<\/div>","protected":false},"excerpt":{"rendered":"<p>[vc_row][vc_column][vc_column_text] Il resurfacing o il ringiovanimento grazie al laser E\u2019 una tecnica che permette di cancellare i segni del tempo. I metodi di ringiovanimento sono diversi. Il laser \u00e8 il metodo piu\u2019 sicuro ed efficace contro l\u2019invecchiamento della pelle. Il Resurfacing permette di lisciare la pelle grazie al laser i cui parametri (potenza, profondit\u00e0) sono [&hellip;]<\/p>\n","protected":false},"author":1,"featured_media":0,"parent":0,"menu_order":0,"comment_status":"closed","ping_status":"closed","template":"","meta":{"footnotes":""},"class_list":["post-1863","page","type-page","status-publish","hentry"],"yoast_head":"<!-- This site is optimized with the Yoast SEO plugin v27.2 - https:\/\/yoast.com\/product\/yoast-seo-wordpress\/ -->\n<title>ringiovanimento al laser - Chirurgie esth\u00e9tique \u00e0 Nice - Injections et laser<\/title>\n<meta name=\"robots\" content=\"index, follow, max-snippet:-1, max-image-preview:large, max-video-preview:-1\" \/>\n<link rel=\"canonical\" href=\"https:\/\/www.chirurgie-nice.com\/le-rajeunissement-laser\/\" \/>\n<meta property=\"og:locale\" content=\"it_IT\" \/>\n<meta property=\"og:type\" content=\"article\" \/>\n<meta property=\"og:title\" content=\"ringiovanimento al laser - Chirurgie esth\u00e9tique \u00e0 Nice - Injections et laser\" \/>\n<meta property=\"og:description\" content=\"[vc_row][vc_column][vc_column_text] Il resurfacing o il ringiovanimento grazie al laser E\u2019 una tecnica che permette di cancellare i segni del tempo. I metodi di ringiovanimento sono diversi. Il laser \u00e8 il metodo piu\u2019 sicuro ed efficace contro l\u2019invecchiamento della pelle. Il Resurfacing permette di lisciare la pelle grazie al laser i cui parametri (potenza, profondit\u00e0) sono [&hellip;]\" \/>\n<meta property=\"og:url\" content=\"https:\/\/www.chirurgie-nice.com\/le-rajeunissement-laser\/\" \/>\n<meta property=\"og:site_name\" content=\"Chirurgie esth\u00e9tique \u00e0 Nice - Injections et laser\" \/>\n<meta property=\"article:publisher\" content=\"https:\/\/www.facebook.com\/docteurlellouchenice\/\" \/>\n<meta property=\"og:image\" content=\"http:\/\/chirurgie-nice.com\/images\/epilation-laser.png\" \/>\n<meta name=\"twitter:card\" content=\"summary_large_image\" \/>\n<meta name=\"twitter:site\" content=\"@ChirurgieNice\" \/>\n<meta name=\"twitter:label1\" content=\"Tempo di lettura stimato\" \/>\n\t<meta name=\"twitter:data1\" content=\"2 minuti\" \/>\n<script type=\"application\/ld+json\" class=\"yoast-schema-graph\">{\"@context\":\"https:\/\/schema.org\",\"@graph\":[{\"@type\":\"WebPage\",\"@id\":\"https:\/\/www.chirurgie-nice.com\/le-rajeunissement-laser\/\",\"url\":\"https:\/\/www.chirurgie-nice.com\/le-rajeunissement-laser\/\",\"name\":\"ringiovanimento al laser - Chirurgie esth\u00e9tique \u00e0 Nice - Injections et laser\",\"isPartOf\":{\"@id\":\"https:\/\/www.chirurgie-nice.com\/#website\"},\"primaryImageOfPage\":{\"@id\":\"https:\/\/www.chirurgie-nice.com\/le-rajeunissement-laser\/#primaryimage\"},\"image\":{\"@id\":\"https:\/\/www.chirurgie-nice.com\/le-rajeunissement-laser\/#primaryimage\"},\"thumbnailUrl\":\"http:\/\/chirurgie-nice.com\/images\/epilation-laser.png\",\"datePublished\":\"2016-02-09T13:47:25+00:00\",\"breadcrumb\":{\"@id\":\"https:\/\/www.chirurgie-nice.com\/le-rajeunissement-laser\/#breadcrumb\"},\"inLanguage\":\"it-IT\",\"potentialAction\":[{\"@type\":\"ReadAction\",\"target\":[\"https:\/\/www.chirurgie-nice.com\/le-rajeunissement-laser\/\"]}]},{\"@type\":\"ImageObject\",\"inLanguage\":\"it-IT\",\"@id\":\"https:\/\/www.chirurgie-nice.com\/le-rajeunissement-laser\/#primaryimage\",\"url\":\"http:\/\/chirurgie-nice.com\/images\/epilation-laser.png\",\"contentUrl\":\"http:\/\/chirurgie-nice.com\/images\/epilation-laser.png\"},{\"@type\":\"BreadcrumbList\",\"@id\":\"https:\/\/www.chirurgie-nice.com\/le-rajeunissement-laser\/#breadcrumb\",\"itemListElement\":[{\"@type\":\"ListItem\",\"position\":1,\"name\":\"Accueil\",\"item\":\"https:\/\/www.chirurgie-nice.com\/\"},{\"@type\":\"ListItem\",\"position\":2,\"name\":\"ringiovanimento al laser\"}]},{\"@type\":\"WebSite\",\"@id\":\"https:\/\/www.chirurgie-nice.com\/#website\",\"url\":\"https:\/\/www.chirurgie-nice.com\/\",\"name\":\"Chirurgie esth\u00e9tique \u00e0 Nice - Injections et laser\",\"description\":\"Lifting Rhinoplastie Botox acide hyaluronique\",\"potentialAction\":[{\"@type\":\"SearchAction\",\"target\":{\"@type\":\"EntryPoint\",\"urlTemplate\":\"https:\/\/www.chirurgie-nice.com\/?s={search_term_string}\"},\"query-input\":{\"@type\":\"PropertyValueSpecification\",\"valueRequired\":true,\"valueName\":\"search_term_string\"}}],\"inLanguage\":\"it-IT\"}]}<\/script>\n<!-- \/ Yoast SEO plugin. -->","yoast_head_json":{"title":"ringiovanimento al laser - Chirurgie esth\u00e9tique \u00e0 Nice - Injections et laser","robots":{"index":"index","follow":"follow","max-snippet":"max-snippet:-1","max-image-preview":"max-image-preview:large","max-video-preview":"max-video-preview:-1"},"canonical":"https:\/\/www.chirurgie-nice.com\/le-rajeunissement-laser\/","og_locale":"it_IT","og_type":"article","og_title":"ringiovanimento al laser - Chirurgie esth\u00e9tique \u00e0 Nice - Injections et laser","og_description":"[vc_row][vc_column][vc_column_text] Il resurfacing o il ringiovanimento grazie al laser E\u2019 una tecnica che permette di cancellare i segni del tempo. I metodi di ringiovanimento sono diversi. Il laser \u00e8 il metodo piu\u2019 sicuro ed efficace contro l\u2019invecchiamento della pelle. Il Resurfacing permette di lisciare la pelle grazie al laser i cui parametri (potenza, profondit\u00e0) sono [&hellip;]","og_url":"https:\/\/www.chirurgie-nice.com\/le-rajeunissement-laser\/","og_site_name":"Chirurgie esth\u00e9tique \u00e0 Nice - Injections et laser","article_publisher":"https:\/\/www.facebook.com\/docteurlellouchenice\/","og_image":[{"url":"http:\/\/chirurgie-nice.com\/images\/epilation-laser.png","type":"","width":"","height":""}],"twitter_card":"summary_large_image","twitter_site":"@ChirurgieNice","twitter_misc":{"Tempo di lettura stimato":"2 minuti"},"schema":{"@context":"https:\/\/schema.org","@graph":[{"@type":"WebPage","@id":"https:\/\/www.chirurgie-nice.com\/le-rajeunissement-laser\/","url":"https:\/\/www.chirurgie-nice.com\/le-rajeunissement-laser\/","name":"ringiovanimento al laser - Chirurgie esth\u00e9tique \u00e0 Nice - Injections et laser","isPartOf":{"@id":"https:\/\/www.chirurgie-nice.com\/#website"},"primaryImageOfPage":{"@id":"https:\/\/www.chirurgie-nice.com\/le-rajeunissement-laser\/#primaryimage"},"image":{"@id":"https:\/\/www.chirurgie-nice.com\/le-rajeunissement-laser\/#primaryimage"},"thumbnailUrl":"http:\/\/chirurgie-nice.com\/images\/epilation-laser.png","datePublished":"2016-02-09T13:47:25+00:00","breadcrumb":{"@id":"https:\/\/www.chirurgie-nice.com\/le-rajeunissement-laser\/#breadcrumb"},"inLanguage":"it-IT","potentialAction":[{"@type":"ReadAction","target":["https:\/\/www.chirurgie-nice.com\/le-rajeunissement-laser\/"]}]},{"@type":"ImageObject","inLanguage":"it-IT","@id":"https:\/\/www.chirurgie-nice.com\/le-rajeunissement-laser\/#primaryimage","url":"http:\/\/chirurgie-nice.com\/images\/epilation-laser.png","contentUrl":"http:\/\/chirurgie-nice.com\/images\/epilation-laser.png"},{"@type":"BreadcrumbList","@id":"https:\/\/www.chirurgie-nice.com\/le-rajeunissement-laser\/#breadcrumb","itemListElement":[{"@type":"ListItem","position":1,"name":"Accueil","item":"https:\/\/www.chirurgie-nice.com\/"},{"@type":"ListItem","position":2,"name":"ringiovanimento al laser"}]},{"@type":"WebSite","@id":"https:\/\/www.chirurgie-nice.com\/#website","url":"https:\/\/www.chirurgie-nice.com\/","name":"Chirurgie esth\u00e9tique \u00e0 Nice - Injections et laser","description":"Lifting Rhinoplastie Botox acide hyaluronique","potentialAction":[{"@type":"SearchAction","target":{"@type":"EntryPoint","urlTemplate":"https:\/\/www.chirurgie-nice.com\/?s={search_term_string}"},"query-input":{"@type":"PropertyValueSpecification","valueRequired":true,"valueName":"search_term_string"}}],"inLanguage":"it-IT"}]}},"_links":{"self":[{"href":"https:\/\/www.chirurgie-nice.com\/it\/wp-json\/wp\/v2\/pages\/1863","targetHints":{"allow":["GET"]}}],"collection":[{"href":"https:\/\/www.chirurgie-nice.com\/it\/wp-json\/wp\/v2\/pages"}],"about":[{"href":"https:\/\/www.chirurgie-nice.com\/it\/wp-json\/wp\/v2\/types\/page"}],"author":[{"embeddable":true,"href":"https:\/\/www.chirurgie-nice.com\/it\/wp-json\/wp\/v2\/users\/1"}],"replies":[{"embeddable":true,"href":"https:\/\/www.chirurgie-nice.com\/it\/wp-json\/wp\/v2\/comments?post=1863"}],"version-history":[{"count":0,"href":"https:\/\/www.chirurgie-nice.com\/it\/wp-json\/wp\/v2\/pages\/1863\/revisions"}],"wp:attachment":[{"href":"https:\/\/www.chirurgie-nice.com\/it\/wp-json\/wp\/v2\/media?parent=1863"}],"curies":[{"name":"wp","href":"https:\/\/api.w.org\/{rel}","templated":true}]}}