{"id":1831,"date":"2016-02-05T19:00:42","date_gmt":"2016-02-05T18:00:42","guid":{"rendered":"http:\/\/chirurgie-nice.com\/temp\/?page_id=1831&#038;lang=it"},"modified":"2016-04-02T13:22:13","modified_gmt":"2016-04-02T12:22:13","slug":"otoplastica-o-chirurgia-delle-orecchie-a-sventola","status":"publish","type":"page","link":"https:\/\/www.chirurgie-nice.com\/it\/otoplastica-o-chirurgia-delle-orecchie-a-sventola\/","title":{"rendered":"Otoplastica o chirurgia delle orecchie a sventola"},"content":{"rendered":"<div class=\"wpb-content-wrapper\"><p>[vc_row][vc_column]<header class=\"kwayy-heading-wrapper kwayy-heading-wrapper-align-left\"><div class=\"kwayy-heading-wrapper-inner\"><h2 class=\"kwayy-heading-align-left\"><span>Otoplastica o chirurgia delle orecchie a sventola<\/span><\/h2><\/div><\/header>[vc_column_text]<\/p>\n<p style=\"text-align: justify;\"><a href=\"http:\/\/chirurgie-nice.com\/wp-content\/uploads\/otoplastie.jpeg\" rel=\"attachment wp-att-1832\" data-rel=\"lightbox-image-0\" data-rl_title=\"\" data-rl_caption=\"\" title=\"\"><img loading=\"lazy\" decoding=\"async\" class=\"size-full wp-image-1832 alignright\" src=\"http:\/\/chirurgie-nice.com\/wp-content\/uploads\/otoplastie.jpeg\" alt=\"otoplastie\" width=\"144\" height=\"200\" \/><\/a>Le orecchie a sventola generalmente sono congenitali e sovente bilaterali. Queste anomalie fanno si che le orecchie restano un po\u2019scollate rispetto alla forma della testa.<br \/>\nGeneralmente nei primi anni di vita scolastica, il bambino prende coscienza di questa imperfezione e quindi puo\u2019 essere soggetto a derisioni da parte dei compagni.<br \/>\nEd \u00e8 per questo motivo che bisogna consultare un medico specializzato in otoplastica, perch\u00e8 sar\u00e0 il bambino stesso a chiederlo e non i genitori. Il padiglione auricolare, \u00e8 formato da cartillagine fatta di concavit\u00e0 e convessit\u00e0 rivestita di pelle.<br \/>\nLe anomalie responsabili delle orecchie a sventola, sono di origine cartillaginosa. Dunque sar\u00e0 al livello della cartillagine che la correzione dovr\u00e0 essere effettuata.<\/p>\n<h4 style=\"text-align: justify;\"><strong><u>I prezzi di un intervento di chirurgia delle orecchie o di otoplastica<\/u><\/strong> :<\/h4>\n<p style=\"text-align: justify;\"><strong>Il costo di un intervento d\u2019otoplastica \u00e8 compreso tra i 1400 euro e 2000 euro spese comprese.<\/strong><\/p>\n<p style=\"text-align: justify;\">.<\/p>\n<p>[\/vc_column_text][vc_separator style=&#8221;dotted&#8221;][vc_empty_space height=&#8221;15px&#8221;][\/vc_column][\/vc_row][vc_row][vc_column]<header class=\"kwayy-heading-wrapper kwayy-heading-wrapper-align-left\"><div class=\"kwayy-heading-wrapper-inner\"><h2 class=\"kwayy-heading-align-left\"><span>L'autoplastie en photos<\/span><\/h2><\/div><\/header>[vc_column_text]<\/p>\n<div id='gallery-1' class='gallery galleryid-1831 gallery-columns-6 gallery-size-thumbnail'><figure class='gallery-item'>\n\t\t\t<div class='gallery-icon landscape'>\n\t\t\t\t<a href='https:\/\/www.chirurgie-nice.com\/wp-content\/uploads\/otoplastie-av1.png' title=\"\" data-rl_title=\"\" class=\"rl-gallery-link\" data-rl_caption=\"\" data-rel=\"lightbox-gallery-1\"><img loading=\"lazy\" decoding=\"async\" width=\"150\" height=\"150\" src=\"https:\/\/www.chirurgie-nice.com\/wp-content\/uploads\/otoplastie-av1-150x150.png\" class=\"attachment-thumbnail size-thumbnail\" alt=\"otoplastie chirurgie esth\u00e9tique des oreilles\" \/><\/a>\n\t\t\t<\/div><\/figure><figure class='gallery-item'>\n\t\t\t<div class='gallery-icon landscape'>\n\t\t\t\t<a href='https:\/\/www.chirurgie-nice.com\/wp-content\/uploads\/otoplastie-ap1.png' title=\"\" data-rl_title=\"\" class=\"rl-gallery-link\" data-rl_caption=\"\" data-rel=\"lightbox-gallery-1\"><img loading=\"lazy\" decoding=\"async\" width=\"150\" height=\"150\" src=\"https:\/\/www.chirurgie-nice.com\/wp-content\/uploads\/otoplastie-ap1-150x150.png\" class=\"attachment-thumbnail size-thumbnail\" alt=\"Autoplastie chirurgie esth\u00e9tique des oreilles\" \/><\/a>\n\t\t\t<\/div><\/figure><figure class='gallery-item'>\n\t\t\t<div class='gallery-icon landscape'>\n\t\t\t\t<a href='https:\/\/www.chirurgie-nice.com\/wp-content\/uploads\/otoplastie-av2.png' title=\"\" data-rl_title=\"\" class=\"rl-gallery-link\" data-rl_caption=\"\" data-rel=\"lightbox-gallery-1\"><img loading=\"lazy\" decoding=\"async\" width=\"150\" height=\"150\" src=\"https:\/\/www.chirurgie-nice.com\/wp-content\/uploads\/otoplastie-av2-150x150.png\" class=\"attachment-thumbnail size-thumbnail\" alt=\"Autoplastie chirurgie esth\u00e9tique des oreilles\" \/><\/a>\n\t\t\t<\/div><\/figure><figure class='gallery-item'>\n\t\t\t<div class='gallery-icon landscape'>\n\t\t\t\t<a href='https:\/\/www.chirurgie-nice.com\/wp-content\/uploads\/otoplastie-ap2.png' title=\"\" data-rl_title=\"\" class=\"rl-gallery-link\" data-rl_caption=\"\" data-rel=\"lightbox-gallery-1\"><img loading=\"lazy\" decoding=\"async\" width=\"150\" height=\"150\" src=\"https:\/\/www.chirurgie-nice.com\/wp-content\/uploads\/otoplastie-ap2-150x150.png\" class=\"attachment-thumbnail size-thumbnail\" alt=\"otoplastie chirurgie esth\u00e9tique des oreilles\" \/><\/a>\n\t\t\t<\/div><\/figure><figure class='gallery-item'>\n\t\t\t<div class='gallery-icon portrait'>\n\t\t\t\t<a href='https:\/\/www.chirurgie-nice.com\/wp-content\/uploads\/otoplastie-av3.png' title=\"\" data-rl_title=\"\" class=\"rl-gallery-link\" data-rl_caption=\"\" data-rel=\"lightbox-gallery-1\"><img loading=\"lazy\" decoding=\"async\" width=\"150\" height=\"150\" src=\"https:\/\/www.chirurgie-nice.com\/wp-content\/uploads\/otoplastie-av3-150x150.png\" class=\"attachment-thumbnail size-thumbnail\" alt=\"otoplastie chirurgie esth\u00e9tique des oreilles\" \/><\/a>\n\t\t\t<\/div><\/figure><figure class='gallery-item'>\n\t\t\t<div class='gallery-icon portrait'>\n\t\t\t\t<a href='https:\/\/www.chirurgie-nice.com\/wp-content\/uploads\/otoplastie-ap3.png' title=\"\" data-rl_title=\"\" class=\"rl-gallery-link\" data-rl_caption=\"\" data-rel=\"lightbox-gallery-1\"><img loading=\"lazy\" decoding=\"async\" width=\"150\" height=\"150\" src=\"https:\/\/www.chirurgie-nice.com\/wp-content\/uploads\/otoplastie-ap3-150x150.png\" class=\"attachment-thumbnail size-thumbnail\" alt=\"otoplastie chirurgie esth\u00e9tique des oreilles\" \/><\/a>\n\t\t\t<\/div><\/figure><figure class='gallery-item'>\n\t\t\t<div class='gallery-icon portrait'>\n\t\t\t\t<a href='https:\/\/www.chirurgie-nice.com\/wp-content\/uploads\/otoplastie-av4.png' title=\"\" data-rl_title=\"\" class=\"rl-gallery-link\" data-rl_caption=\"\" data-rel=\"lightbox-gallery-1\"><img loading=\"lazy\" decoding=\"async\" width=\"150\" height=\"150\" src=\"https:\/\/www.chirurgie-nice.com\/wp-content\/uploads\/otoplastie-av4-150x150.png\" class=\"attachment-thumbnail size-thumbnail\" alt=\"Autoplastie chirurgie esth\u00e9tique des oreilles\" \/><\/a>\n\t\t\t<\/div><\/figure><figure class='gallery-item'>\n\t\t\t<div class='gallery-icon landscape'>\n\t\t\t\t<a href='https:\/\/www.chirurgie-nice.com\/wp-content\/uploads\/otoplastie-ap4.png' title=\"\" data-rl_title=\"\" class=\"rl-gallery-link\" data-rl_caption=\"\" data-rel=\"lightbox-gallery-1\"><img loading=\"lazy\" decoding=\"async\" width=\"150\" height=\"150\" src=\"https:\/\/www.chirurgie-nice.com\/wp-content\/uploads\/otoplastie-ap4-150x150.png\" class=\"attachment-thumbnail size-thumbnail\" alt=\"otoplastie chirurgie esth\u00e9tique des oreilles\" \/><\/a>\n\t\t\t<\/div><\/figure><figure class='gallery-item'>\n\t\t\t<div class='gallery-icon landscape'>\n\t\t\t\t<a href='https:\/\/www.chirurgie-nice.com\/wp-content\/uploads\/otoplastie-av5.png' title=\"\" data-rl_title=\"\" class=\"rl-gallery-link\" data-rl_caption=\"\" data-rel=\"lightbox-gallery-1\"><img loading=\"lazy\" decoding=\"async\" width=\"150\" height=\"150\" src=\"https:\/\/www.chirurgie-nice.com\/wp-content\/uploads\/otoplastie-av5-150x150.png\" class=\"attachment-thumbnail size-thumbnail\" alt=\"otoplastie chirurgie esth\u00e9tique des oreilles\" \/><\/a>\n\t\t\t<\/div><\/figure><figure class='gallery-item'>\n\t\t\t<div class='gallery-icon portrait'>\n\t\t\t\t<a href='https:\/\/www.chirurgie-nice.com\/wp-content\/uploads\/otoplastie-ap5.png' title=\"\" data-rl_title=\"\" class=\"rl-gallery-link\" data-rl_caption=\"\" data-rel=\"lightbox-gallery-1\"><img loading=\"lazy\" decoding=\"async\" width=\"150\" height=\"150\" src=\"https:\/\/www.chirurgie-nice.com\/wp-content\/uploads\/otoplastie-ap5-150x150.png\" class=\"attachment-thumbnail size-thumbnail\" alt=\"otoplastie chirurgie esth\u00e9tique des oreilles\" \/><\/a>\n\t\t\t<\/div><\/figure>\n\t\t<\/div>\n\n<p>[\/vc_column_text][vc_separator style=&#8221;dotted&#8221;][vc_empty_space height=&#8221;15px&#8221;][\/vc_column][\/vc_row][vc_row][vc_column]<header class=\"kwayy-heading-wrapper kwayy-heading-wrapper-align-left\"><div class=\"kwayy-heading-wrapper-inner\"><h2 class=\"kwayy-heading-align-left\"><span>Votre question sur l'otoplastie<\/span><\/h2><\/div><\/header>\n<div class=\"wpcf7 no-js\" id=\"wpcf7-f1534-o1\" lang=\"fr-FR\" dir=\"ltr\" data-wpcf7-id=\"1534\">\n<div class=\"screen-reader-response\"><p role=\"status\" aria-live=\"polite\" aria-atomic=\"true\"><\/p> <ul><\/ul><\/div>\n<form action=\"\/it\/wp-json\/wp\/v2\/pages\/1831#wpcf7-f1534-o1\" method=\"post\" class=\"wpcf7-form init\" aria-label=\"Formulaire de contact\" novalidate=\"novalidate\" data-status=\"init\">\n<fieldset class=\"hidden-fields-container\"><input type=\"hidden\" name=\"_wpcf7\" value=\"1534\" \/><input type=\"hidden\" name=\"_wpcf7_version\" value=\"6.1.5\" \/><input type=\"hidden\" name=\"_wpcf7_locale\" value=\"fr_FR\" \/><input type=\"hidden\" name=\"_wpcf7_unit_tag\" value=\"wpcf7-f1534-o1\" \/><input type=\"hidden\" name=\"_wpcf7_container_post\" value=\"0\" \/><input type=\"hidden\" name=\"_wpcf7_posted_data_hash\" value=\"\" \/><input type=\"hidden\" name=\"_wpcf7_recaptcha_response\" value=\"\" \/>\n<\/fieldset>\n<p>Votre nom (obligatoire)\n<\/p>\n<p><span class=\"wpcf7-form-control-wrap\" data-name=\"your-name\"><input size=\"40\" maxlength=\"400\" class=\"wpcf7-form-control wpcf7-text wpcf7-validates-as-required\" aria-required=\"true\" aria-invalid=\"false\" value=\"\" type=\"text\" name=\"your-name\" \/><\/span>\n<\/p>\n<p>Votre email (obligatoire)\n<\/p>\n<p><span class=\"wpcf7-form-control-wrap\" data-name=\"your-email\"><input size=\"40\" maxlength=\"400\" class=\"wpcf7-form-control wpcf7-email wpcf7-validates-as-required wpcf7-text wpcf7-validates-as-email\" aria-required=\"true\" aria-invalid=\"false\" value=\"\" type=\"email\" name=\"your-email\" \/><\/span>\n<\/p>\n<p>Votre T\u00e9l\u00e9phone (obligatoire)\n<\/p>\n<p><span class=\"wpcf7-form-control-wrap\" data-name=\"tel-650\"><input size=\"40\" maxlength=\"400\" class=\"wpcf7-form-control wpcf7-tel wpcf7-validates-as-required wpcf7-text wpcf7-validates-as-tel\" aria-required=\"true\" aria-invalid=\"false\" value=\"\" type=\"tel\" name=\"tel-650\" \/><\/span>\n<\/p>\n<p>Ville de consultation\n<\/p>\n<p><span class=\"wpcf7-form-control-wrap\" data-name=\"menu-584\"><select class=\"wpcf7-form-control wpcf7-select\" aria-invalid=\"false\" name=\"menu-584\"><option value=\"Nice\">Nice<\/option><option value=\"Paris\">Paris<\/option><\/select><\/span>\n<\/p>\n<p>Sujet\n<\/p>\n<p><span class=\"wpcf7-form-control-wrap\" data-name=\"your-subject\"><input size=\"40\" maxlength=\"400\" class=\"wpcf7-form-control wpcf7-text\" aria-invalid=\"false\" value=\"\" type=\"text\" name=\"your-subject\" \/><\/span>\n<\/p>\n<p>Votre message\n<\/p>\n<p><span class=\"wpcf7-form-control-wrap\" data-name=\"your-message\"><textarea cols=\"40\" rows=\"10\" maxlength=\"2000\" class=\"wpcf7-form-control wpcf7-textarea\" aria-invalid=\"false\" name=\"your-message\"><\/textarea><\/span>\n<\/p>\n<p><input class=\"wpcf7-form-control wpcf7-submit has-spinner\" type=\"submit\" value=\"Envoyer\" \/>\n<\/p><div class=\"wpcf7-response-output\" aria-hidden=\"true\"><\/div>\n<\/form>\n<\/div>\n[\/vc_column][\/vc_row]<\/p>\n<\/div>","protected":false},"excerpt":{"rendered":"<p>[vc_row][vc_column][vc_column_text] Le orecchie a sventola generalmente sono congenitali e sovente bilaterali. Queste anomalie fanno si che le orecchie restano un po\u2019scollate rispetto alla forma della testa. Generalmente nei primi anni di vita scolastica, il bambino prende coscienza di questa imperfezione e quindi puo\u2019 essere soggetto a derisioni da parte dei compagni. Ed \u00e8 per questo [&hellip;]<\/p>\n","protected":false},"author":1,"featured_media":0,"parent":0,"menu_order":0,"comment_status":"closed","ping_status":"closed","template":"","meta":{"footnotes":""},"class_list":["post-1831","page","type-page","status-publish","hentry"],"yoast_head":"<!-- This site is optimized with the Yoast SEO plugin v27.2 - https:\/\/yoast.com\/product\/yoast-seo-wordpress\/ -->\n<title>Otoplastica o chirurgia delle orecchie a sventola<\/title>\n<meta name=\"description\" content=\"Otoplastica o chirurgia delle orecchie a sventola\" \/>\n<meta name=\"robots\" content=\"index, follow, max-snippet:-1, max-image-preview:large, max-video-preview:-1\" \/>\n<link rel=\"canonical\" href=\"https:\/\/www.chirurgie-nice.com\/lotoplastie-ou-chirurgie-esthetique-des-oreilles-decollees\/\" \/>\n<meta property=\"og:locale\" content=\"it_IT\" \/>\n<meta property=\"og:type\" content=\"article\" \/>\n<meta property=\"og:title\" content=\"Otoplastica o chirurgia delle orecchie a sventola\" \/>\n<meta property=\"og:description\" content=\"Otoplastica o chirurgia delle orecchie a sventola\" \/>\n<meta property=\"og:url\" content=\"https:\/\/www.chirurgie-nice.com\/lotoplastie-ou-chirurgie-esthetique-des-oreilles-decollees\/\" \/>\n<meta property=\"og:site_name\" content=\"Chirurgie esth\u00e9tique \u00e0 Nice - Injections et laser\" \/>\n<meta property=\"article:publisher\" content=\"https:\/\/www.facebook.com\/docteurlellouchenice\/\" \/>\n<meta property=\"article:modified_time\" content=\"2016-04-02T12:22:13+00:00\" \/>\n<meta property=\"og:image\" content=\"https:\/\/www.chirurgie-nice.com\/wp-content\/uploads\/otoplastie-av1-150x150.png\" \/>\n<meta name=\"twitter:card\" content=\"summary_large_image\" \/>\n<meta name=\"twitter:site\" content=\"@ChirurgieNice\" \/>\n<meta name=\"twitter:label1\" content=\"Tempo di lettura stimato\" \/>\n\t<meta name=\"twitter:data1\" content=\"1 minuto\" \/>\n<script type=\"application\/ld+json\" class=\"yoast-schema-graph\">{\"@context\":\"https:\/\/schema.org\",\"@graph\":[{\"@type\":\"WebPage\",\"@id\":\"https:\/\/www.chirurgie-nice.com\/lotoplastie-ou-chirurgie-esthetique-des-oreilles-decollees\/\",\"url\":\"https:\/\/www.chirurgie-nice.com\/lotoplastie-ou-chirurgie-esthetique-des-oreilles-decollees\/\",\"name\":\"Otoplastica o chirurgia delle orecchie a sventola\",\"isPartOf\":{\"@id\":\"https:\/\/www.chirurgie-nice.com\/#website\"},\"primaryImageOfPage\":{\"@id\":\"https:\/\/www.chirurgie-nice.com\/lotoplastie-ou-chirurgie-esthetique-des-oreilles-decollees\/#primaryimage\"},\"image\":{\"@id\":\"https:\/\/www.chirurgie-nice.com\/lotoplastie-ou-chirurgie-esthetique-des-oreilles-decollees\/#primaryimage\"},\"thumbnailUrl\":\"http:\/\/chirurgie-nice.com\/wp-content\/uploads\/otoplastie.jpeg\",\"datePublished\":\"2016-02-05T18:00:42+00:00\",\"dateModified\":\"2016-04-02T12:22:13+00:00\",\"description\":\"Otoplastica o chirurgia delle orecchie a sventola\",\"breadcrumb\":{\"@id\":\"https:\/\/www.chirurgie-nice.com\/lotoplastie-ou-chirurgie-esthetique-des-oreilles-decollees\/#breadcrumb\"},\"inLanguage\":\"it-IT\",\"potentialAction\":[{\"@type\":\"ReadAction\",\"target\":[\"https:\/\/www.chirurgie-nice.com\/lotoplastie-ou-chirurgie-esthetique-des-oreilles-decollees\/\"]}]},{\"@type\":\"ImageObject\",\"inLanguage\":\"it-IT\",\"@id\":\"https:\/\/www.chirurgie-nice.com\/lotoplastie-ou-chirurgie-esthetique-des-oreilles-decollees\/#primaryimage\",\"url\":\"http:\/\/chirurgie-nice.com\/wp-content\/uploads\/otoplastie.jpeg\",\"contentUrl\":\"http:\/\/chirurgie-nice.com\/wp-content\/uploads\/otoplastie.jpeg\"},{\"@type\":\"BreadcrumbList\",\"@id\":\"https:\/\/www.chirurgie-nice.com\/lotoplastie-ou-chirurgie-esthetique-des-oreilles-decollees\/#breadcrumb\",\"itemListElement\":[{\"@type\":\"ListItem\",\"position\":1,\"name\":\"Accueil\",\"item\":\"https:\/\/www.chirurgie-nice.com\/\"},{\"@type\":\"ListItem\",\"position\":2,\"name\":\"Otoplastica o chirurgia delle orecchie a sventola\"}]},{\"@type\":\"WebSite\",\"@id\":\"https:\/\/www.chirurgie-nice.com\/#website\",\"url\":\"https:\/\/www.chirurgie-nice.com\/\",\"name\":\"Chirurgie esth\u00e9tique \u00e0 Nice - Injections et laser\",\"description\":\"Lifting Rhinoplastie Botox acide hyaluronique\",\"potentialAction\":[{\"@type\":\"SearchAction\",\"target\":{\"@type\":\"EntryPoint\",\"urlTemplate\":\"https:\/\/www.chirurgie-nice.com\/?s={search_term_string}\"},\"query-input\":{\"@type\":\"PropertyValueSpecification\",\"valueRequired\":true,\"valueName\":\"search_term_string\"}}],\"inLanguage\":\"it-IT\"}]}<\/script>\n<!-- \/ Yoast SEO plugin. -->","yoast_head_json":{"title":"Otoplastica o chirurgia delle orecchie a sventola","description":"Otoplastica o chirurgia delle orecchie a sventola","robots":{"index":"index","follow":"follow","max-snippet":"max-snippet:-1","max-image-preview":"max-image-preview:large","max-video-preview":"max-video-preview:-1"},"canonical":"https:\/\/www.chirurgie-nice.com\/lotoplastie-ou-chirurgie-esthetique-des-oreilles-decollees\/","og_locale":"it_IT","og_type":"article","og_title":"Otoplastica o chirurgia delle orecchie a sventola","og_description":"Otoplastica o chirurgia delle orecchie a sventola","og_url":"https:\/\/www.chirurgie-nice.com\/lotoplastie-ou-chirurgie-esthetique-des-oreilles-decollees\/","og_site_name":"Chirurgie esth\u00e9tique \u00e0 Nice - Injections et laser","article_publisher":"https:\/\/www.facebook.com\/docteurlellouchenice\/","article_modified_time":"2016-04-02T12:22:13+00:00","og_image":[{"url":"https:\/\/www.chirurgie-nice.com\/wp-content\/uploads\/otoplastie-av1-150x150.png","type":"","width":"","height":""}],"twitter_card":"summary_large_image","twitter_site":"@ChirurgieNice","twitter_misc":{"Tempo di lettura stimato":"1 minuto"},"schema":{"@context":"https:\/\/schema.org","@graph":[{"@type":"WebPage","@id":"https:\/\/www.chirurgie-nice.com\/lotoplastie-ou-chirurgie-esthetique-des-oreilles-decollees\/","url":"https:\/\/www.chirurgie-nice.com\/lotoplastie-ou-chirurgie-esthetique-des-oreilles-decollees\/","name":"Otoplastica o chirurgia delle orecchie a sventola","isPartOf":{"@id":"https:\/\/www.chirurgie-nice.com\/#website"},"primaryImageOfPage":{"@id":"https:\/\/www.chirurgie-nice.com\/lotoplastie-ou-chirurgie-esthetique-des-oreilles-decollees\/#primaryimage"},"image":{"@id":"https:\/\/www.chirurgie-nice.com\/lotoplastie-ou-chirurgie-esthetique-des-oreilles-decollees\/#primaryimage"},"thumbnailUrl":"http:\/\/chirurgie-nice.com\/wp-content\/uploads\/otoplastie.jpeg","datePublished":"2016-02-05T18:00:42+00:00","dateModified":"2016-04-02T12:22:13+00:00","description":"Otoplastica o chirurgia delle orecchie a sventola","breadcrumb":{"@id":"https:\/\/www.chirurgie-nice.com\/lotoplastie-ou-chirurgie-esthetique-des-oreilles-decollees\/#breadcrumb"},"inLanguage":"it-IT","potentialAction":[{"@type":"ReadAction","target":["https:\/\/www.chirurgie-nice.com\/lotoplastie-ou-chirurgie-esthetique-des-oreilles-decollees\/"]}]},{"@type":"ImageObject","inLanguage":"it-IT","@id":"https:\/\/www.chirurgie-nice.com\/lotoplastie-ou-chirurgie-esthetique-des-oreilles-decollees\/#primaryimage","url":"http:\/\/chirurgie-nice.com\/wp-content\/uploads\/otoplastie.jpeg","contentUrl":"http:\/\/chirurgie-nice.com\/wp-content\/uploads\/otoplastie.jpeg"},{"@type":"BreadcrumbList","@id":"https:\/\/www.chirurgie-nice.com\/lotoplastie-ou-chirurgie-esthetique-des-oreilles-decollees\/#breadcrumb","itemListElement":[{"@type":"ListItem","position":1,"name":"Accueil","item":"https:\/\/www.chirurgie-nice.com\/"},{"@type":"ListItem","position":2,"name":"Otoplastica o chirurgia delle orecchie a sventola"}]},{"@type":"WebSite","@id":"https:\/\/www.chirurgie-nice.com\/#website","url":"https:\/\/www.chirurgie-nice.com\/","name":"Chirurgie esth\u00e9tique \u00e0 Nice - Injections et laser","description":"Lifting Rhinoplastie Botox acide hyaluronique","potentialAction":[{"@type":"SearchAction","target":{"@type":"EntryPoint","urlTemplate":"https:\/\/www.chirurgie-nice.com\/?s={search_term_string}"},"query-input":{"@type":"PropertyValueSpecification","valueRequired":true,"valueName":"search_term_string"}}],"inLanguage":"it-IT"}]}},"_links":{"self":[{"href":"https:\/\/www.chirurgie-nice.com\/it\/wp-json\/wp\/v2\/pages\/1831","targetHints":{"allow":["GET"]}}],"collection":[{"href":"https:\/\/www.chirurgie-nice.com\/it\/wp-json\/wp\/v2\/pages"}],"about":[{"href":"https:\/\/www.chirurgie-nice.com\/it\/wp-json\/wp\/v2\/types\/page"}],"author":[{"embeddable":true,"href":"https:\/\/www.chirurgie-nice.com\/it\/wp-json\/wp\/v2\/users\/1"}],"replies":[{"embeddable":true,"href":"https:\/\/www.chirurgie-nice.com\/it\/wp-json\/wp\/v2\/comments?post=1831"}],"version-history":[{"count":0,"href":"https:\/\/www.chirurgie-nice.com\/it\/wp-json\/wp\/v2\/pages\/1831\/revisions"}],"wp:attachment":[{"href":"https:\/\/www.chirurgie-nice.com\/it\/wp-json\/wp\/v2\/media?parent=1831"}],"curies":[{"name":"wp","href":"https:\/\/api.w.org\/{rel}","templated":true}]}}