{"id":1809,"date":"2016-02-05T18:25:39","date_gmt":"2016-02-05T17:25:39","guid":{"rendered":"http:\/\/chirurgie-nice.com\/temp\/?page_id=1809&#038;lang=it"},"modified":"2016-02-05T18:25:39","modified_gmt":"2016-02-05T17:25:39","slug":"la-blefaroplastica-o-chirurgia-delle-palpebre","status":"publish","type":"page","link":"https:\/\/www.chirurgie-nice.com\/it\/la-blefaroplastica-o-chirurgia-delle-palpebre\/","title":{"rendered":"La blefaroplastica o chirurgia delle palpebre"},"content":{"rendered":"<div class=\"wpb-content-wrapper\"><p>[vc_row][vc_column]<header class=\"kwayy-heading-wrapper kwayy-heading-wrapper-align-left\"><div class=\"kwayy-heading-wrapper-inner\"><h2 class=\"kwayy-heading-align-left\"><span>La blefaroplastica o chirurgia delle palpebre<\/span><\/h2><\/div><\/header>[vc_column_text]<\/p>\n<p style=\"text-align: justify;\"><img loading=\"lazy\" decoding=\"async\" class=\"alignright\" title=\"La bl\u00e9pharoblastie ou chirurgie des des paupi\u00e8res\" src=\"http:\/\/chirurgie-nice.com\/images\/blepharoplastie.jpg\" alt=\"chirurgie esthetique la blepharoplastie ou chirurgie des paupieres\" width=\"185\" height=\"279\" \/><\/p>\n<p>Durante la gioventu\u2019, l\u2019angolo esterno dell\u2019occhio \u00e8 leggermente piu\u2019 elevato da\u00a02 a 3\u00a0mm. rispetto all\u2019angolo\u00a0interno. Con il\u00a0tempo l\u2019abbassamento\u00a0delle sopracciglie,\u00a0e del\u00a0muscolo\u00a0orbitale,\u00a0causa\u00a0le\u00a0cosi\u2019 dette \u00ab\u00a0 zampe di\u00a0gallina \u00ab\u00a0\u00a0e anche delle\u00a0rughe\u00a0orizzontali\u00a0all\u2019angolo dell\u2019occhio.<\/p>\n<p>Si puo \u2019 trattare\u00a0la palpebra \u00a0inferiore\u00a0riposizionando l\u2019angolo esterno dell\u2019occhio,\u00a0eliminando\u00a0in questo modo l\u2019effetto\u00a0di\u00a0invecchiamento\u00a0delle rughe\u00a0orizzontali\u00a0della\u00a0palpebra inferiore.<br \/>\nAll\u2019interno\u00a0dell\u2019osso\u00a0orbitale\u00a0della\u00a0palpebra\u00a0inferiore, si trova una\u00a0membrana\u00a0che\u00a0ritiene del\u00a0grasso.\u00a0Con l\u2019et\u00e0, questa \u00a0membrana\u00a0diventa\u00a0sporgente, e\u00a0la si\u00a0chiama comunemente\u00a0\u201cborsa di grasso\u201d. Assomiglia ad una piccola ernia\u00a0che \u00e8 responsabile delle\u00a0occhiaie scure sulla palpebra inferiore, perch\u00e8\u00a0la luce del giorno o la luce\u00a0artificiale produrranno\u00a0dell\u2019ombra\u00a0su\u00a0queste\u00a0\u00ab\u00a0ernie\u00a0\u00bb\u00a0di grasso.\u00a0In generale\u00a0i chirurghi asportano questo\u00a0inestetismo. Il\u00a0grasso\u00a0diminuisce con l\u2019et\u00e0 ed \u00e8 per questa ragione\u00a0che le persone anziane hanno gli occhi un po\u2019 incavati.<br \/>\nGeneralmente \u00e8\u00a0raccomandato\u00a0di intervenire sulla\u00a0congiuntivite\u00a0(membrana all\u2019interno dell\u2019occhio ), per\u00a0evitare\u00a0la\u00a0cicatrice\u00a0sotto la palpebra\u00a0inferiore\u00a0e\u00a0prevenire\u00a0cosi\u2019 la\u00a0forma\u00a0arrotondata dell\u2019occhio\u00a0evitando che il bianco\u00a0dell\u2019occhio\u00a0si evidenzi sopra l\u2019iris (esposizione sclerale).<br \/>\nPer\u00a0la palpebra superiore, l\u2019incisione\u00a0viene fatta\u00a0nella\u00a0piega naturale della palpebra.\u00a0Per\u00a0ritrovare\u00a0uno \u00a0sguardo vivace\u00a0\u00e8 consigliabile riposizionare l\u2019arco\u00a0sopraccigliare e alzare\u00a0l\u2019angolo esterno\u00a0dell\u2019occhio. Questo\u00a0permette\u00a0di avere una\u00a0piccola\u00a0cicatrice\u00a0intorno\u00a0all\u2019occhio salvaguardando l\u2019espressione\u00a0del nostro sguardo.<\/p>\n<h4><strong><u>La vostra prima visita<\/u>:<\/strong><\/h4>\n<p>La\u00a0mia\u00a0\u00e9quipe\u00a0ed io\u00a0stesso,\u00a0provvederemo\u00a0ad\u00a0informarvi\u00a0sulla\u00a0chirurgia, la\u00a0convalescenza,\u00a0i\u00a0dolori, i\u00a0malesseri, le complicazioni che\u00a0potrebbero\u00a0insorgere\u00a0in\u00a0modo\u00a0che\u00a0possiate essere perfettamente informati\u00a0su\u00a0tutte le eventualit\u00e0.\u00a0Siamo disponibili a\u00a0rispondere a tutte le\u00a0vostre\u00a0domande dandovi una completa\u00a0soddisfazione.<br \/>\nDelle fotografie \u00ab\u00a0prima\u00a0\u00bb e \u00ab\u00a0dopo\u00a0\u00bb la\u00a0 chirurgia saranno\u00a0richieste\u00a0per completare il vostro dossier.\u00a0Le stesse potranno\u00a0essere presentate ai Congressi Internazionali di chirurgia plastica oppure su delle riviste mediche, nonch\u00e9\u00a0su dei libri\u00a0destinati\u00a0all\u2019insegnamento della chirurgia plastica.<\/p>\n<p><strong>Il prezzo\u00a0della\u00a0chirurgia include tutte\u00a0le\u00a0visite\u00a0post-operatorie\u00a0ed\u00a0i\u00a0ritocchi chirurgici se necessari. Un\u00a0esame, e delle domande, sul vostro\u00a0stato di salute\u00a0vi sar\u00e0 richiesto, per completare il vostro dossier.\u00a0Una visita dall\u2019anestesista a\u00a0volte\u00a0\u00e8\u00a0necessaria<\/strong>.<\/p>\n<p style=\"text-align: justify;\">\n<h4><strong><u>Fasi pre-operatorie prima dell\u2019intervento di blefaroplastica<\/u> :<\/strong><\/h4>\n<ol>\n<li>Dieci giorni prima e\u00a0dopo l\u2019intervento di chirurgia\u00a0non assumere\u00a0nessun farmaco che contiene\u00a0dell\u2019ASPIRINA.<\/li>\n<li>Smettere di fumare e di essere a contatto con dei fumatori per almeno due settimane prima e dopo l\u2019intervento di chirurgia.<\/li>\n<li>Eliminare la consumazione di bevande alcooliche (birra, vino) due settimane prima e dopo l\u2019intervento di chirurgia.<\/li>\n<li>Controllare il vostro stato di salute dal medico curante.<\/li>\n<li>E\u2019 preferibile non portare oggetti di valore.<\/li>\n<li>Nessun tipo di trucco per il viso deve essere applicato il mattino dell\u2019intervento.<\/li>\n<li>Fare una colazione molto leggera il mattino dell\u2019intervento tranne se un\u2018 anestesia generale \u00e8 richiesta<\/li>\n<li>Essere accompagnati da una persona per il ritorno e per la prima notte.<\/li>\n<li>Provvedere a portare un paio di occhiali a lenti scure.<\/li>\n<li>Evitare\u00a0l\u2019esposizione al\u00a0sole\u00a0due giorni prima dell\u2019intervento.<\/li>\n<\/ol>\n<h4><strong><u>L\u2019intervento di blefaroplastica.<\/u><\/strong><\/h4>\n<p>Nella\u00a0maggior parte dei\u00a0casi l\u2019intervento si pratica su\u00a0 anestesia locale oppure sotto\u00a0l\u2019influenza di sedativi\u00a0che procurano uno stato di incoscienza\u00a0quasi totale. Ad\u00a0ogni modo se il paziente lo desidera\u00a0si puo\u2019 praticare un\u2019anestesia generale. Una buona formazione su\u00a0questo\u00a0tipo di intervento ci permette di fare fronte\u00a0alle eventuali complicazioni anche se, sono estremamente rare soprattutto\u00a0nelle persone in\u00a0buona\u00a0salute.<br \/>\nUn aggiornamento sulle\u00a0migliori attrezzature, ci permette\u00a0di\u00a0essere informati sugli\u00a0ultimi sviluppi tecnologici. Un\u2019atmosfera rilassante regna nella sala d\u2019operazione,\u00a0accompagnata da una musica a scelta. Tutto questo ci permette\u00a0la\u00a0precisione e la cura\u00a0per\u00a0 poter dare al\u00a0paziente il migliore\u00a0dei\u00a0risultati.<\/p>\n<h4><strong><u>Le cure post-operatorie.<\/u><\/strong><\/h4>\n<ol>\n<li>Dopo\u00a0la chirurgia\u00a0potrete\u00a0tornare a casa. Se\u00a0lo\u00a0desiderate\u00a0possiamo offrirvi\u00a0un\u00a0luogo specializzato per\u00a0la\u00a0convalescenza\u00a0con un servizio\u00a0di trasporto\u00a0durante le visite\u00a0di\u00a0controllo.<\/li>\n<li>Durante le 48 ore che seguono l\u2019intervento chirurgico, \u00e8 consigliabile di dormire in una posizione elevata almeno di 45 gradi.<\/li>\n<li>Per le applicazioni di ghiaccio sulla pelle (borsa del ghiaccio) mettere sempre un panno in tessuto tra la pelle e la borsa del ghiaccio ; si puo\u2019 applicare del ghiaccio per almeno 48 ore dopo l\u2019intervento. Delle applicazioni di calore secco sono consigliate per circa 20 minuti ogni ora<\/li>\n<li>Dopo la chirurgia, evitate i liquidi troppo caldi, il sale, e le spezie per due settimane.<\/li>\n<li>Ogni esercizio fisico \u00e8 sconsigliato per due settimane, mentre gli sforzi piu\u2019 violenti per un mese. Una bella camminata all\u2019aria aperta \u00e8 pertanto raccomandata.<\/li>\n<li><strong>Delle ecchimosi o dei \u00ab\u00a0blu\u00a0\u00bb possono\u00a0durare otto\u00a0giorni, e\u00a0l\u2019edema\u00a0 anche\u00a0qualche\u00a0settimana.\u00a0Tutto cio\u2019 \u00e8\u00a0normale non\u00a0bisogna\u00a0preoccuparsi, si\u00a0possono\u00a0nascondere\u00a0le\u00a0ecchimosi \u00a0con del fondo tinta.<\/strong><\/li>\n<li>Il trucco degli occhi e del viso \u00e8 permesso dopo il quinto giorno che segue la chirurgia. Per correggere le cicatrici con il trucco \u00e8 consigliabile aspettare dieci giorni affinch\u00e9 i punti di sutura siano tolti e la pelle ben cicatrizzata .<\/li>\n<li>La sensazione della \u00ab pelle che tira \u00bb puo\u2019 essere allievata con degli analgesici prescritti per l\u2019intervento tranne l\u2019ASPIRINA per due settimane.<\/li>\n<li>Sulle cicatrici utilizzare uno schermo solare per sei mesi.<\/li>\n<li>Avrete gli occhi con la forma del taglio orientale, nessuna inquitudine riprenderanno la loro forma iniziale.<\/li>\n<li>Dovrete applicare tutti i giorni delle lacrime artificiali per un periodo di tre settimane.<\/li>\n<\/ol>\n<h4>I prezzi di un intervento di Blefaroplastica.<\/h4>\n<p>Il costo di un intervento di blefaroplastica superiore O inferiore \u00e8 di 2000 e 2800 euro spese comprese. Il costo di un intervento di blefaroplastica superiore E inferiore \u00e8 di 3000 e 3800 euro spese comprese.<\/p>\n<h3><a href=\"http:\/\/chirurgie-nice.com\/temp\/interventions-de-blepharophastie-chirurgie-des-paupieres\/\">Consultez les interventions de blepharoplasties effectu\u00e9es par le Docteur Bruno Lellouche<\/a><\/h3>\n<p>[\/vc_column_text][vc_separator style=&#8221;dotted&#8221;][vc_empty_space height=&#8221;15px&#8221;][\/vc_column][\/vc_row][vc_row][vc_column]<header class=\"kwayy-heading-wrapper kwayy-heading-wrapper-align-left\"><div class=\"kwayy-heading-wrapper-inner\"><h2 class=\"kwayy-heading-align-left\"><span>Votre question sur l'intervention de bl\u00e9phatoblastie<\/span><\/h2><\/div><\/header>\n<div class=\"wpcf7 no-js\" id=\"wpcf7-f1534-o1\" lang=\"fr-FR\" dir=\"ltr\" data-wpcf7-id=\"1534\">\n<div class=\"screen-reader-response\"><p role=\"status\" aria-live=\"polite\" aria-atomic=\"true\"><\/p> <ul><\/ul><\/div>\n<form action=\"\/it\/wp-json\/wp\/v2\/pages\/1809#wpcf7-f1534-o1\" method=\"post\" class=\"wpcf7-form init\" aria-label=\"Formulaire de contact\" novalidate=\"novalidate\" data-status=\"init\">\n<fieldset class=\"hidden-fields-container\"><input type=\"hidden\" name=\"_wpcf7\" value=\"1534\" \/><input type=\"hidden\" name=\"_wpcf7_version\" value=\"6.1.5\" \/><input type=\"hidden\" name=\"_wpcf7_locale\" value=\"fr_FR\" \/><input type=\"hidden\" name=\"_wpcf7_unit_tag\" value=\"wpcf7-f1534-o1\" \/><input type=\"hidden\" name=\"_wpcf7_container_post\" value=\"0\" \/><input type=\"hidden\" name=\"_wpcf7_posted_data_hash\" value=\"\" \/><input type=\"hidden\" name=\"_wpcf7_recaptcha_response\" value=\"\" \/>\n<\/fieldset>\n<p>Votre nom (obligatoire)\n<\/p>\n<p><span class=\"wpcf7-form-control-wrap\" data-name=\"your-name\"><input size=\"40\" maxlength=\"400\" class=\"wpcf7-form-control wpcf7-text wpcf7-validates-as-required\" aria-required=\"true\" aria-invalid=\"false\" value=\"\" type=\"text\" name=\"your-name\" \/><\/span>\n<\/p>\n<p>Votre email (obligatoire)\n<\/p>\n<p><span class=\"wpcf7-form-control-wrap\" data-name=\"your-email\"><input size=\"40\" maxlength=\"400\" class=\"wpcf7-form-control wpcf7-email wpcf7-validates-as-required wpcf7-text wpcf7-validates-as-email\" aria-required=\"true\" aria-invalid=\"false\" value=\"\" type=\"email\" name=\"your-email\" \/><\/span>\n<\/p>\n<p>Votre T\u00e9l\u00e9phone (obligatoire)\n<\/p>\n<p><span class=\"wpcf7-form-control-wrap\" data-name=\"tel-650\"><input size=\"40\" maxlength=\"400\" class=\"wpcf7-form-control wpcf7-tel wpcf7-validates-as-required wpcf7-text wpcf7-validates-as-tel\" aria-required=\"true\" aria-invalid=\"false\" value=\"\" type=\"tel\" name=\"tel-650\" \/><\/span>\n<\/p>\n<p>Ville de consultation\n<\/p>\n<p><span class=\"wpcf7-form-control-wrap\" data-name=\"menu-584\"><select class=\"wpcf7-form-control wpcf7-select\" aria-invalid=\"false\" name=\"menu-584\"><option value=\"Nice\">Nice<\/option><option value=\"Paris\">Paris<\/option><\/select><\/span>\n<\/p>\n<p>Sujet\n<\/p>\n<p><span class=\"wpcf7-form-control-wrap\" data-name=\"your-subject\"><input size=\"40\" maxlength=\"400\" class=\"wpcf7-form-control wpcf7-text\" aria-invalid=\"false\" value=\"\" type=\"text\" name=\"your-subject\" \/><\/span>\n<\/p>\n<p>Votre message\n<\/p>\n<p><span class=\"wpcf7-form-control-wrap\" data-name=\"your-message\"><textarea cols=\"40\" rows=\"10\" maxlength=\"2000\" class=\"wpcf7-form-control wpcf7-textarea\" aria-invalid=\"false\" name=\"your-message\"><\/textarea><\/span>\n<\/p>\n<p><input class=\"wpcf7-form-control wpcf7-submit has-spinner\" type=\"submit\" value=\"Envoyer\" \/>\n<\/p><div class=\"wpcf7-response-output\" aria-hidden=\"true\"><\/div>\n<\/form>\n<\/div>\n[\/vc_column][\/vc_row]<\/p>\n<\/div>","protected":false},"excerpt":{"rendered":"<p>[vc_row][vc_column][vc_column_text] Durante la gioventu\u2019, l\u2019angolo esterno dell\u2019occhio \u00e8 leggermente piu\u2019 elevato da\u00a02 a 3\u00a0mm. rispetto all\u2019angolo\u00a0interno. Con il\u00a0tempo l\u2019abbassamento\u00a0delle sopracciglie,\u00a0e del\u00a0muscolo\u00a0orbitale,\u00a0causa\u00a0le\u00a0cosi\u2019 dette \u00ab\u00a0 zampe di\u00a0gallina \u00ab\u00a0\u00a0e anche delle\u00a0rughe\u00a0orizzontali\u00a0all\u2019angolo dell\u2019occhio. Si puo \u2019 trattare\u00a0la palpebra \u00a0inferiore\u00a0riposizionando l\u2019angolo esterno dell\u2019occhio,\u00a0eliminando\u00a0in questo modo l\u2019effetto\u00a0di\u00a0invecchiamento\u00a0delle rughe\u00a0orizzontali\u00a0della\u00a0palpebra inferiore. All\u2019interno\u00a0dell\u2019osso\u00a0orbitale\u00a0della\u00a0palpebra\u00a0inferiore, si trova una\u00a0membrana\u00a0che\u00a0ritiene del\u00a0grasso.\u00a0Con l\u2019et\u00e0, questa \u00a0membrana\u00a0diventa\u00a0sporgente, e\u00a0la si\u00a0chiama comunemente\u00a0\u201cborsa di [&hellip;]<\/p>\n","protected":false},"author":1,"featured_media":0,"parent":0,"menu_order":0,"comment_status":"closed","ping_status":"closed","template":"","meta":{"footnotes":""},"class_list":["post-1809","page","type-page","status-publish","hentry"],"yoast_head":"<!-- This site is optimized with the Yoast SEO plugin v27.2 - https:\/\/yoast.com\/product\/yoast-seo-wordpress\/ -->\n<title>La blefaroplastica o chirurgia delle palpebre<\/title>\n<meta name=\"description\" content=\"La blefaroplastica o chirurgia delle palpebre\" \/>\n<meta name=\"robots\" content=\"index, follow, max-snippet:-1, max-image-preview:large, max-video-preview:-1\" \/>\n<link rel=\"canonical\" href=\"https:\/\/www.chirurgie-nice.com\/yeux-blepharoblastie-chirurgie-rides-paupieres\/\" \/>\n<meta property=\"og:locale\" content=\"it_IT\" \/>\n<meta property=\"og:type\" content=\"article\" \/>\n<meta property=\"og:title\" content=\"La blefaroplastica o chirurgia delle palpebre\" \/>\n<meta property=\"og:description\" content=\"La blefaroplastica o chirurgia delle palpebre\" \/>\n<meta property=\"og:url\" content=\"https:\/\/www.chirurgie-nice.com\/yeux-blepharoblastie-chirurgie-rides-paupieres\/\" \/>\n<meta property=\"og:site_name\" content=\"Chirurgie esth\u00e9tique \u00e0 Nice - Injections et laser\" \/>\n<meta property=\"article:publisher\" content=\"https:\/\/www.facebook.com\/docteurlellouchenice\/\" \/>\n<meta property=\"og:image\" content=\"http:\/\/chirurgie-nice.com\/images\/blepharoplastie.jpg\" \/>\n<meta name=\"twitter:card\" content=\"summary_large_image\" \/>\n<meta name=\"twitter:site\" content=\"@ChirurgieNice\" \/>\n<meta name=\"twitter:label1\" content=\"Tempo di lettura stimato\" \/>\n\t<meta name=\"twitter:data1\" content=\"5 minuti\" \/>\n<script type=\"application\/ld+json\" class=\"yoast-schema-graph\">{\"@context\":\"https:\/\/schema.org\",\"@graph\":[{\"@type\":\"WebPage\",\"@id\":\"https:\/\/www.chirurgie-nice.com\/yeux-blepharoblastie-chirurgie-rides-paupieres\/\",\"url\":\"https:\/\/www.chirurgie-nice.com\/yeux-blepharoblastie-chirurgie-rides-paupieres\/\",\"name\":\"La blefaroplastica o chirurgia delle palpebre\",\"isPartOf\":{\"@id\":\"https:\/\/www.chirurgie-nice.com\/#website\"},\"primaryImageOfPage\":{\"@id\":\"https:\/\/www.chirurgie-nice.com\/yeux-blepharoblastie-chirurgie-rides-paupieres\/#primaryimage\"},\"image\":{\"@id\":\"https:\/\/www.chirurgie-nice.com\/yeux-blepharoblastie-chirurgie-rides-paupieres\/#primaryimage\"},\"thumbnailUrl\":\"http:\/\/chirurgie-nice.com\/images\/blepharoplastie.jpg\",\"datePublished\":\"2016-02-05T17:25:39+00:00\",\"description\":\"La blefaroplastica o chirurgia delle palpebre\",\"breadcrumb\":{\"@id\":\"https:\/\/www.chirurgie-nice.com\/yeux-blepharoblastie-chirurgie-rides-paupieres\/#breadcrumb\"},\"inLanguage\":\"it-IT\",\"potentialAction\":[{\"@type\":\"ReadAction\",\"target\":[\"https:\/\/www.chirurgie-nice.com\/yeux-blepharoblastie-chirurgie-rides-paupieres\/\"]}]},{\"@type\":\"ImageObject\",\"inLanguage\":\"it-IT\",\"@id\":\"https:\/\/www.chirurgie-nice.com\/yeux-blepharoblastie-chirurgie-rides-paupieres\/#primaryimage\",\"url\":\"http:\/\/chirurgie-nice.com\/images\/blepharoplastie.jpg\",\"contentUrl\":\"http:\/\/chirurgie-nice.com\/images\/blepharoplastie.jpg\"},{\"@type\":\"BreadcrumbList\",\"@id\":\"https:\/\/www.chirurgie-nice.com\/yeux-blepharoblastie-chirurgie-rides-paupieres\/#breadcrumb\",\"itemListElement\":[{\"@type\":\"ListItem\",\"position\":1,\"name\":\"Accueil\",\"item\":\"https:\/\/www.chirurgie-nice.com\/\"},{\"@type\":\"ListItem\",\"position\":2,\"name\":\"La blefaroplastica o chirurgia delle palpebre\"}]},{\"@type\":\"WebSite\",\"@id\":\"https:\/\/www.chirurgie-nice.com\/#website\",\"url\":\"https:\/\/www.chirurgie-nice.com\/\",\"name\":\"Chirurgie esth\u00e9tique \u00e0 Nice - Injections et laser\",\"description\":\"Lifting Rhinoplastie Botox acide hyaluronique\",\"potentialAction\":[{\"@type\":\"SearchAction\",\"target\":{\"@type\":\"EntryPoint\",\"urlTemplate\":\"https:\/\/www.chirurgie-nice.com\/?s={search_term_string}\"},\"query-input\":{\"@type\":\"PropertyValueSpecification\",\"valueRequired\":true,\"valueName\":\"search_term_string\"}}],\"inLanguage\":\"it-IT\"}]}<\/script>\n<!-- \/ Yoast SEO plugin. -->","yoast_head_json":{"title":"La blefaroplastica o chirurgia delle palpebre","description":"La blefaroplastica o chirurgia delle palpebre","robots":{"index":"index","follow":"follow","max-snippet":"max-snippet:-1","max-image-preview":"max-image-preview:large","max-video-preview":"max-video-preview:-1"},"canonical":"https:\/\/www.chirurgie-nice.com\/yeux-blepharoblastie-chirurgie-rides-paupieres\/","og_locale":"it_IT","og_type":"article","og_title":"La blefaroplastica o chirurgia delle palpebre","og_description":"La blefaroplastica o chirurgia delle palpebre","og_url":"https:\/\/www.chirurgie-nice.com\/yeux-blepharoblastie-chirurgie-rides-paupieres\/","og_site_name":"Chirurgie esth\u00e9tique \u00e0 Nice - Injections et laser","article_publisher":"https:\/\/www.facebook.com\/docteurlellouchenice\/","og_image":[{"url":"http:\/\/chirurgie-nice.com\/images\/blepharoplastie.jpg","type":"","width":"","height":""}],"twitter_card":"summary_large_image","twitter_site":"@ChirurgieNice","twitter_misc":{"Tempo di lettura stimato":"5 minuti"},"schema":{"@context":"https:\/\/schema.org","@graph":[{"@type":"WebPage","@id":"https:\/\/www.chirurgie-nice.com\/yeux-blepharoblastie-chirurgie-rides-paupieres\/","url":"https:\/\/www.chirurgie-nice.com\/yeux-blepharoblastie-chirurgie-rides-paupieres\/","name":"La blefaroplastica o chirurgia delle palpebre","isPartOf":{"@id":"https:\/\/www.chirurgie-nice.com\/#website"},"primaryImageOfPage":{"@id":"https:\/\/www.chirurgie-nice.com\/yeux-blepharoblastie-chirurgie-rides-paupieres\/#primaryimage"},"image":{"@id":"https:\/\/www.chirurgie-nice.com\/yeux-blepharoblastie-chirurgie-rides-paupieres\/#primaryimage"},"thumbnailUrl":"http:\/\/chirurgie-nice.com\/images\/blepharoplastie.jpg","datePublished":"2016-02-05T17:25:39+00:00","description":"La blefaroplastica o chirurgia delle palpebre","breadcrumb":{"@id":"https:\/\/www.chirurgie-nice.com\/yeux-blepharoblastie-chirurgie-rides-paupieres\/#breadcrumb"},"inLanguage":"it-IT","potentialAction":[{"@type":"ReadAction","target":["https:\/\/www.chirurgie-nice.com\/yeux-blepharoblastie-chirurgie-rides-paupieres\/"]}]},{"@type":"ImageObject","inLanguage":"it-IT","@id":"https:\/\/www.chirurgie-nice.com\/yeux-blepharoblastie-chirurgie-rides-paupieres\/#primaryimage","url":"http:\/\/chirurgie-nice.com\/images\/blepharoplastie.jpg","contentUrl":"http:\/\/chirurgie-nice.com\/images\/blepharoplastie.jpg"},{"@type":"BreadcrumbList","@id":"https:\/\/www.chirurgie-nice.com\/yeux-blepharoblastie-chirurgie-rides-paupieres\/#breadcrumb","itemListElement":[{"@type":"ListItem","position":1,"name":"Accueil","item":"https:\/\/www.chirurgie-nice.com\/"},{"@type":"ListItem","position":2,"name":"La blefaroplastica o chirurgia delle palpebre"}]},{"@type":"WebSite","@id":"https:\/\/www.chirurgie-nice.com\/#website","url":"https:\/\/www.chirurgie-nice.com\/","name":"Chirurgie esth\u00e9tique \u00e0 Nice - Injections et laser","description":"Lifting Rhinoplastie Botox acide hyaluronique","potentialAction":[{"@type":"SearchAction","target":{"@type":"EntryPoint","urlTemplate":"https:\/\/www.chirurgie-nice.com\/?s={search_term_string}"},"query-input":{"@type":"PropertyValueSpecification","valueRequired":true,"valueName":"search_term_string"}}],"inLanguage":"it-IT"}]}},"_links":{"self":[{"href":"https:\/\/www.chirurgie-nice.com\/it\/wp-json\/wp\/v2\/pages\/1809","targetHints":{"allow":["GET"]}}],"collection":[{"href":"https:\/\/www.chirurgie-nice.com\/it\/wp-json\/wp\/v2\/pages"}],"about":[{"href":"https:\/\/www.chirurgie-nice.com\/it\/wp-json\/wp\/v2\/types\/page"}],"author":[{"embeddable":true,"href":"https:\/\/www.chirurgie-nice.com\/it\/wp-json\/wp\/v2\/users\/1"}],"replies":[{"embeddable":true,"href":"https:\/\/www.chirurgie-nice.com\/it\/wp-json\/wp\/v2\/comments?post=1809"}],"version-history":[{"count":0,"href":"https:\/\/www.chirurgie-nice.com\/it\/wp-json\/wp\/v2\/pages\/1809\/revisions"}],"wp:attachment":[{"href":"https:\/\/www.chirurgie-nice.com\/it\/wp-json\/wp\/v2\/media?parent=1809"}],"curies":[{"name":"wp","href":"https:\/\/api.w.org\/{rel}","templated":true}]}}