{"id":1317,"date":"2015-12-16T09:00:39","date_gmt":"2015-12-16T08:00:39","guid":{"rendered":"http:\/\/chirurgie-nice.com\/temp\/?page_id=1317"},"modified":"2016-08-17T13:04:01","modified_gmt":"2016-08-17T12:04:01","slug":"les-injections-de-botox-contre-les-rides","status":"publish","type":"page","link":"https:\/\/www.chirurgie-nice.com\/it\/les-injections-de-botox-contre-les-rides\/","title":{"rendered":"Il Botolino o il botox"},"content":{"rendered":"<div class=\"wpb-content-wrapper\"><p>[vc_row][vc_column]<header class=\"kwayy-heading-wrapper kwayy-heading-wrapper-align-left\"><div class=\"kwayy-heading-wrapper-inner\"><h2 class=\"kwayy-heading-align-left\"><span>Votre question sur les injections de Botox<\/span><\/h2><\/div><\/header>\n<div class=\"wpcf7 no-js\" id=\"wpcf7-f1534-o1\" lang=\"fr-FR\" dir=\"ltr\" data-wpcf7-id=\"1534\">\n<div class=\"screen-reader-response\"><p role=\"status\" aria-live=\"polite\" aria-atomic=\"true\"><\/p> <ul><\/ul><\/div>\n<form action=\"\/it\/wp-json\/wp\/v2\/pages\/1317#wpcf7-f1534-o1\" method=\"post\" class=\"wpcf7-form init\" aria-label=\"Formulaire de contact\" novalidate=\"novalidate\" data-status=\"init\">\n<fieldset class=\"hidden-fields-container\"><input type=\"hidden\" name=\"_wpcf7\" value=\"1534\" \/><input type=\"hidden\" name=\"_wpcf7_version\" value=\"6.1.5\" \/><input type=\"hidden\" name=\"_wpcf7_locale\" value=\"fr_FR\" \/><input type=\"hidden\" name=\"_wpcf7_unit_tag\" value=\"wpcf7-f1534-o1\" \/><input type=\"hidden\" name=\"_wpcf7_container_post\" value=\"0\" \/><input type=\"hidden\" name=\"_wpcf7_posted_data_hash\" value=\"\" \/><input type=\"hidden\" name=\"_wpcf7_recaptcha_response\" value=\"\" \/>\n<\/fieldset>\n<p>Votre nom (obligatoire)\n<\/p>\n<p><span class=\"wpcf7-form-control-wrap\" data-name=\"your-name\"><input size=\"40\" maxlength=\"400\" class=\"wpcf7-form-control wpcf7-text wpcf7-validates-as-required\" aria-required=\"true\" aria-invalid=\"false\" value=\"\" type=\"text\" name=\"your-name\" \/><\/span>\n<\/p>\n<p>Votre email (obligatoire)\n<\/p>\n<p><span class=\"wpcf7-form-control-wrap\" data-name=\"your-email\"><input size=\"40\" maxlength=\"400\" class=\"wpcf7-form-control wpcf7-email wpcf7-validates-as-required wpcf7-text wpcf7-validates-as-email\" aria-required=\"true\" aria-invalid=\"false\" value=\"\" type=\"email\" name=\"your-email\" \/><\/span>\n<\/p>\n<p>Votre T\u00e9l\u00e9phone (obligatoire)\n<\/p>\n<p><span class=\"wpcf7-form-control-wrap\" data-name=\"tel-650\"><input size=\"40\" maxlength=\"400\" class=\"wpcf7-form-control wpcf7-tel wpcf7-validates-as-required wpcf7-text wpcf7-validates-as-tel\" aria-required=\"true\" aria-invalid=\"false\" value=\"\" type=\"tel\" name=\"tel-650\" \/><\/span>\n<\/p>\n<p>Ville de consultation\n<\/p>\n<p><span class=\"wpcf7-form-control-wrap\" data-name=\"menu-584\"><select class=\"wpcf7-form-control wpcf7-select\" aria-invalid=\"false\" name=\"menu-584\"><option value=\"Nice\">Nice<\/option><option value=\"Paris\">Paris<\/option><\/select><\/span>\n<\/p>\n<p>Sujet\n<\/p>\n<p><span class=\"wpcf7-form-control-wrap\" data-name=\"your-subject\"><input size=\"40\" maxlength=\"400\" class=\"wpcf7-form-control wpcf7-text\" aria-invalid=\"false\" value=\"\" type=\"text\" name=\"your-subject\" \/><\/span>\n<\/p>\n<p>Votre message\n<\/p>\n<p><span class=\"wpcf7-form-control-wrap\" data-name=\"your-message\"><textarea cols=\"40\" rows=\"10\" maxlength=\"2000\" class=\"wpcf7-form-control wpcf7-textarea\" aria-invalid=\"false\" name=\"your-message\"><\/textarea><\/span>\n<\/p>\n<p><input class=\"wpcf7-form-control wpcf7-submit has-spinner\" type=\"submit\" value=\"Envoyer\" \/>\n<\/p><div class=\"wpcf7-response-output\" aria-hidden=\"true\"><\/div>\n<\/form>\n<\/div>\n[\/vc_column][\/vc_row]<\/p>\n<\/div>","protected":false},"excerpt":{"rendered":"<p>[vc_row][vc_column][\/vc_column][\/vc_row]<\/p>\n","protected":false},"author":1,"featured_media":0,"parent":0,"menu_order":0,"comment_status":"closed","ping_status":"closed","template":"","meta":{"footnotes":""},"class_list":["post-1317","page","type-page","status-publish","hentry"],"yoast_head":"<!-- This site is optimized with the Yoast SEO plugin v27.2 - https:\/\/yoast.com\/product\/yoast-seo-wordpress\/ -->\n<title>Il Botolino o il botox<\/title>\n<meta name=\"description\" content=\"Injections de botox \u00e0 Nice, op\u00e9ration qui consiste supprimer les rides du visage et du front. Docteur Bruno Lellouche M\u00e9decine esth\u00e9tique \u00e0 Nice\" \/>\n<meta name=\"robots\" content=\"index, follow, max-snippet:-1, max-image-preview:large, max-video-preview:-1\" \/>\n<link rel=\"canonical\" href=\"https:\/\/www.chirurgie-nice.com\/injections-de-botox-contre-rides\/\" \/>\n<meta property=\"og:locale\" content=\"it_IT\" \/>\n<meta property=\"og:type\" content=\"article\" \/>\n<meta property=\"og:title\" content=\"Il Botolino o il botox\" \/>\n<meta property=\"og:description\" content=\"Injections de botox \u00e0 Nice, op\u00e9ration qui consiste supprimer les rides du visage et du front. Docteur Bruno Lellouche M\u00e9decine esth\u00e9tique \u00e0 Nice\" \/>\n<meta property=\"og:url\" content=\"https:\/\/www.chirurgie-nice.com\/injections-de-botox-contre-rides\/\" \/>\n<meta property=\"og:site_name\" content=\"Chirurgie esth\u00e9tique \u00e0 Nice - Injections et laser\" \/>\n<meta property=\"article:publisher\" content=\"https:\/\/www.facebook.com\/docteurlellouchenice\/\" \/>\n<meta property=\"article:modified_time\" content=\"2016-08-17T12:04:01+00:00\" \/>\n<meta name=\"twitter:card\" content=\"summary_large_image\" \/>\n<meta name=\"twitter:site\" content=\"@ChirurgieNice\" \/>\n<script type=\"application\/ld+json\" class=\"yoast-schema-graph\">{\"@context\":\"https:\/\/schema.org\",\"@graph\":[{\"@type\":\"WebPage\",\"@id\":\"https:\/\/www.chirurgie-nice.com\/injections-de-botox-contre-rides\/\",\"url\":\"https:\/\/www.chirurgie-nice.com\/injections-de-botox-contre-rides\/\",\"name\":\"Il Botolino o il botox\",\"isPartOf\":{\"@id\":\"https:\/\/www.chirurgie-nice.com\/#website\"},\"datePublished\":\"2015-12-16T08:00:39+00:00\",\"dateModified\":\"2016-08-17T12:04:01+00:00\",\"description\":\"Injections de botox \u00e0 Nice, op\u00e9ration qui consiste supprimer les rides du visage et du front. Docteur Bruno Lellouche M\u00e9decine esth\u00e9tique \u00e0 Nice\",\"breadcrumb\":{\"@id\":\"https:\/\/www.chirurgie-nice.com\/injections-de-botox-contre-rides\/#breadcrumb\"},\"inLanguage\":\"it-IT\",\"potentialAction\":[{\"@type\":\"ReadAction\",\"target\":[\"https:\/\/www.chirurgie-nice.com\/injections-de-botox-contre-rides\/\"]}]},{\"@type\":\"BreadcrumbList\",\"@id\":\"https:\/\/www.chirurgie-nice.com\/injections-de-botox-contre-rides\/#breadcrumb\",\"itemListElement\":[{\"@type\":\"ListItem\",\"position\":1,\"name\":\"Accueil\",\"item\":\"https:\/\/www.chirurgie-nice.com\/\"},{\"@type\":\"ListItem\",\"position\":2,\"name\":\"Il Botolino o il botox\"}]},{\"@type\":\"WebSite\",\"@id\":\"https:\/\/www.chirurgie-nice.com\/#website\",\"url\":\"https:\/\/www.chirurgie-nice.com\/\",\"name\":\"Chirurgie esth\u00e9tique \u00e0 Nice - Injections et laser\",\"description\":\"Lifting Rhinoplastie Botox acide hyaluronique\",\"potentialAction\":[{\"@type\":\"SearchAction\",\"target\":{\"@type\":\"EntryPoint\",\"urlTemplate\":\"https:\/\/www.chirurgie-nice.com\/?s={search_term_string}\"},\"query-input\":{\"@type\":\"PropertyValueSpecification\",\"valueRequired\":true,\"valueName\":\"search_term_string\"}}],\"inLanguage\":\"it-IT\"}]}<\/script>\n<!-- \/ Yoast SEO plugin. -->","yoast_head_json":{"title":"Il Botolino o il botox","description":"Injections de botox \u00e0 Nice, op\u00e9ration qui consiste supprimer les rides du visage et du front. Docteur Bruno Lellouche M\u00e9decine esth\u00e9tique \u00e0 Nice","robots":{"index":"index","follow":"follow","max-snippet":"max-snippet:-1","max-image-preview":"max-image-preview:large","max-video-preview":"max-video-preview:-1"},"canonical":"https:\/\/www.chirurgie-nice.com\/injections-de-botox-contre-rides\/","og_locale":"it_IT","og_type":"article","og_title":"Il Botolino o il botox","og_description":"Injections de botox \u00e0 Nice, op\u00e9ration qui consiste supprimer les rides du visage et du front. Docteur Bruno Lellouche M\u00e9decine esth\u00e9tique \u00e0 Nice","og_url":"https:\/\/www.chirurgie-nice.com\/injections-de-botox-contre-rides\/","og_site_name":"Chirurgie esth\u00e9tique \u00e0 Nice - Injections et laser","article_publisher":"https:\/\/www.facebook.com\/docteurlellouchenice\/","article_modified_time":"2016-08-17T12:04:01+00:00","twitter_card":"summary_large_image","twitter_site":"@ChirurgieNice","schema":{"@context":"https:\/\/schema.org","@graph":[{"@type":"WebPage","@id":"https:\/\/www.chirurgie-nice.com\/injections-de-botox-contre-rides\/","url":"https:\/\/www.chirurgie-nice.com\/injections-de-botox-contre-rides\/","name":"Il Botolino o il botox","isPartOf":{"@id":"https:\/\/www.chirurgie-nice.com\/#website"},"datePublished":"2015-12-16T08:00:39+00:00","dateModified":"2016-08-17T12:04:01+00:00","description":"Injections de botox \u00e0 Nice, op\u00e9ration qui consiste supprimer les rides du visage et du front. Docteur Bruno Lellouche M\u00e9decine esth\u00e9tique \u00e0 Nice","breadcrumb":{"@id":"https:\/\/www.chirurgie-nice.com\/injections-de-botox-contre-rides\/#breadcrumb"},"inLanguage":"it-IT","potentialAction":[{"@type":"ReadAction","target":["https:\/\/www.chirurgie-nice.com\/injections-de-botox-contre-rides\/"]}]},{"@type":"BreadcrumbList","@id":"https:\/\/www.chirurgie-nice.com\/injections-de-botox-contre-rides\/#breadcrumb","itemListElement":[{"@type":"ListItem","position":1,"name":"Accueil","item":"https:\/\/www.chirurgie-nice.com\/"},{"@type":"ListItem","position":2,"name":"Il Botolino o il botox"}]},{"@type":"WebSite","@id":"https:\/\/www.chirurgie-nice.com\/#website","url":"https:\/\/www.chirurgie-nice.com\/","name":"Chirurgie esth\u00e9tique \u00e0 Nice - Injections et laser","description":"Lifting Rhinoplastie Botox acide hyaluronique","potentialAction":[{"@type":"SearchAction","target":{"@type":"EntryPoint","urlTemplate":"https:\/\/www.chirurgie-nice.com\/?s={search_term_string}"},"query-input":{"@type":"PropertyValueSpecification","valueRequired":true,"valueName":"search_term_string"}}],"inLanguage":"it-IT"}]}},"_links":{"self":[{"href":"https:\/\/www.chirurgie-nice.com\/it\/wp-json\/wp\/v2\/pages\/1317","targetHints":{"allow":["GET"]}}],"collection":[{"href":"https:\/\/www.chirurgie-nice.com\/it\/wp-json\/wp\/v2\/pages"}],"about":[{"href":"https:\/\/www.chirurgie-nice.com\/it\/wp-json\/wp\/v2\/types\/page"}],"author":[{"embeddable":true,"href":"https:\/\/www.chirurgie-nice.com\/it\/wp-json\/wp\/v2\/users\/1"}],"replies":[{"embeddable":true,"href":"https:\/\/www.chirurgie-nice.com\/it\/wp-json\/wp\/v2\/comments?post=1317"}],"version-history":[{"count":0,"href":"https:\/\/www.chirurgie-nice.com\/it\/wp-json\/wp\/v2\/pages\/1317\/revisions"}],"wp:attachment":[{"href":"https:\/\/www.chirurgie-nice.com\/it\/wp-json\/wp\/v2\/media?parent=1317"}],"curies":[{"name":"wp","href":"https:\/\/api.w.org\/{rel}","templated":true}]}}